{"id":4138,"date":"2018-03-02T10:59:33","date_gmt":"2018-03-02T08:59:33","guid":{"rendered":"https:\/\/www.hiersein.at\/op\/?page_id=4138"},"modified":"2019-10-29T19:06:06","modified_gmt":"2019-10-29T17:06:06","slug":"johanna-schoepf-major","status":"publish","type":"page","link":"https:\/\/www.hiersein.at\/op\/johanna-schoepf-major\/","title":{"rendered":"Johanna Sch\u00f6pf-Major"},"content":{"rendered":"<div id=\"pl-4138\"  class=\"panel-layout\" ><div id=\"pg-4138-0\"  class=\"panel-grid panel-has-style\" ><div style=\"padding: 1em 0; \" data-overlay=\"true\" class=\"panel-row-style panel-row-style-for-4138-0\" ><div id=\"pgc-4138-0-0\"  class=\"panel-grid-cell panel-grid-cell-empty\" ><\/div><div id=\"pgc-4138-0-1\"  class=\"panel-grid-cell panel-grid-cell-mobile-last\" ><div id=\"panel-4138-0-1-0\" class=\"so-panel widget widget_cl-review widget-cl-review panel-first-child panel-last-child\" data-index=\"0\" ><div class=\"wow fadeInDownBig panel-widget-style panel-widget-style-for-4138-0-1-0\" style=\"text-align: left;\" data-wow-iteration=\"1\" data-title-color=\"#c62a2c\" data-headings-color=\"#443f3f\" ><h3 class=\"widget-title\">Johanna Sch\u00f6pf-Major<\/h3><div class=\"cl-review type_quote layout_centered quote_italic with_avatar\"><div class=\"cl-review-quote\"><div class=\"cl-review-quote-text\" style=\"font-size:20px;\"><q>Original Play ist ein gelebter Weg der Liebe, Achtsamkeit und des Friedens, in welchem direkte Gewaltpr\u00e4vention f\u00fcr Kinder, Jugendliche und Erwachsene stattfindet.<\/q><\/div><div class=\"cl-review-author\" style=\"font-size:18px;\"><span class=\"cl-review-author-avatar\" style=\"background-image: url(https:\/\/www.hiersein.at\/op\/wp-content\/uploads\/2016\/03\/Johanna_Schoepf-Major2-150x150.jpg)\"><\/span><span class=\"cl-review-author-name\">Apprentice, Spielpraxis seit 2006<\/span><span class=\"cl-review-author-occupation\">Steiermark<\/span><\/div><\/div><\/div><\/div><\/div><\/div><div id=\"pgc-4138-0-2\"  class=\"panel-grid-cell panel-grid-cell-empty\" ><\/div><\/div><\/div><div id=\"pg-4138-1\"  class=\"panel-grid panel-has-style\" ><div style=\"padding: 2em 0; \" data-overlay=\"true\" class=\"panel-row-style panel-row-style-for-4138-1\" ><div id=\"pgc-4138-1-0\"  class=\"panel-grid-cell panel-grid-cell-empty\" ><\/div><div id=\"pgc-4138-1-1\"  class=\"panel-grid-cell panel-grid-cell-empty\" ><\/div><div id=\"pgc-4138-1-2\"  class=\"panel-grid-cell\" ><div id=\"panel-4138-1-2-0\" class=\"so-panel widget widget_cl-popup widget-cl-popup panel-first-child panel-last-child\" data-index=\"1\" ><div style=\"text-align: left;\" data-title-color=\"#443f3f\" data-headings-color=\"#443f3f\" class=\"panel-widget-style panel-widget-style-for-4138-1-2-0\" ><div class=\"cl-popup align_center\"><a href=\"javascript:void(0)\" class=\"cl-popup-trigger type_btn cl-btn\" style=\"color:#ffffff;background-color:#c62a2c;\"><span>Kontakt<\/span><\/a><div class=\"cl-popup-overlay\" style=\"background-color:rgba(0,0,0,0.75);\"><\/div><div class=\"cl-popup-wrap\"><div class=\"cl-popup-box size_s animation_slideTop\"><div class=\"cl-popup-box-h\"><div class=\"cl-popup-box-title\" style=\"color:#000000;background-color:#ffffff;\">Kontakt<\/div><div class=\"cl-popup-box-content\" style=\"color:#333333;background-color:#ffffff;\"><h5 style=\"text-align: center;\"><a href=\"mailto:johanna@originalplay.at\">johanna@originalplay.at<\/a><\/h5><\/div><div class=\"cl-popup-box-closer\" style=\"color:#000000;\"><\/div><\/div><\/div><div class=\"cl-popup-closer\"><\/div><\/div><\/div><\/div><\/div><\/div><div id=\"pgc-4138-1-3\"  class=\"panel-grid-cell\" ><div id=\"panel-4138-1-3-0\" class=\"so-panel widget widget_cl-popup widget-cl-popup panel-first-child panel-last-child\" data-index=\"2\" ><div style=\"text-align: left;\" data-title-color=\"#c62a2c\" data-headings-color=\"#443f3f\" class=\"panel-widget-style panel-widget-style-for-4138-1-3-0\" ><div class=\"cl-popup align_center\"><a href=\"javascript:void(0)\" class=\"cl-popup-trigger type_btn cl-btn\" style=\"color:#ffffff;background-color:#c62a2c;\"><span>Fotogalerie<\/span><\/a><div class=\"cl-popup-overlay\" style=\"background-color:rgba(0,0,0,0.75);\"><\/div><div class=\"cl-popup-wrap\"><div class=\"cl-popup-box size_xl animation_scaleUp\"><div class=\"cl-popup-box-h\"><div class=\"cl-popup-box-title\" style=\"color:#ffffff;background-color:rgba(0,0,0,0.75);\">Johanna beim Spielen<\/div><div class=\"cl-popup-box-content\" style=\"color:#333333;background-color:rgba(0,0,0,0.75);\"><p>[foogallery id=\"4151\"]<\/p><\/div><div class=\"cl-popup-box-closer\" style=\"color:#ffffff;\"><\/div><\/div><\/div><div class=\"cl-popup-closer\"><\/div><\/div><\/div><\/div><\/div><\/div><div id=\"pgc-4138-1-4\"  class=\"panel-grid-cell\" ><div id=\"panel-4138-1-4-0\" class=\"so-panel widget widget_cl-popup widget-cl-popup panel-first-child panel-last-child\" data-index=\"3\" ><div style=\"text-align: left;\" data-title-color=\"#443f3f\" data-headings-color=\"#443f3f\" class=\"panel-widget-style panel-widget-style-for-4138-1-4-0\" ><div class=\"cl-popup align_center\"><a href=\"javascript:void(0)\" class=\"cl-popup-trigger type_btn cl-btn\" style=\"color:#ffffff;background-color:#c62a2c;\"><span>Werdegang<\/span><\/a><div class=\"cl-popup-overlay\" style=\"background-color:rgba(0,0,0,0.75);\"><\/div><div class=\"cl-popup-wrap\"><div class=\"cl-popup-box size_m animation_flipVer\"><div class=\"cl-popup-box-h\"><div class=\"cl-popup-box-title\" style=\"color:#c62a2c;background-color:#ffffff;\">Werdegang<\/div><div class=\"cl-popup-box-content\" style=\"color:#333333;background-color:#ffffff;\"><div class=\"page\" title=\"Page 1\"><div class=\"layoutArea\"><div class=\"column\"><p>Als fu\u0308nftes von sechs Kindern kam ich 1974 in Tirol auf die Welt. Dort wuchs ich in Ehrwald auf und war umgeben von einer wunderscho\u0308nen Natur, unserer warmherzigen Mutter, unserem umsorgenden Vater, meinen verspielten Geschwistern und einigen befreundeten Nachbarsfamilien.<\/p><p>Nach meiner Schullaufbahn studierte ich in Innsbruck Pa\u0308dagogik. Im Jahr 1996 wurde ich zum ersten Mal Mutter und habe mittlerweile vier wunderbare To\u0308chter und eine Enkeltochter. Mit meinem liebevollen Mann u\u0308bersiedelten wir 2008 in die Steiermark. Im Dezember 2017 schloss ich meine Ausbildung zur Lebens- und Sozialberaterin mit Diplom ab. Neben meiner geliebten Aufgabe als Mutter begleite ich mit viel Freude, Achtsamkeit und Wertscha\u0308tzung Menschen in unterschiedlichsten Lebensphasen.<\/p><p>Im Jahr 2006 begegnete ich zum ersten Mal dem Namen von Fred Donaldson. An einem Elternabend in der Schule wurde erza\u0308hlt, dass Fred Donaldson mit wilden Tieren und Menschen spielt. Ich wurde sofort neugierig und besuchte seinen Vortrag in Innsbruck. Bald darauf machte ich beim Einfu\u0308hrungs- und Vertiefungsworkshop in der Lindenschule in Sistrans mit.<\/p><p>Tief bewegt und inspiriert von der Intensita\u0308t des Miteinanders, von Fred und seiner natu\u0308rlichen und herzlichen Art und Weise, begann ich, sowohl alleine als auch gemeinsam mit anderen Spielgefa\u0308hrt*innen, an unterschiedlichen Orten mit Kindern zu spielen.<\/p><p>Die Liebe und das Weit~werden meines Herzens fu\u0308r und durch Kinder, Jugendliche, Erwachsene, Tiere und die Natur begleitet mich durch mein Leben. So nahm ich im Laufe der Jahre an einigen Vertiefungsworkshops mit Fred und Jolanta Graczykowska teil. Bei einem Intensivseminar in der Steiermark entwickelte sich eine Spielgemeinschaft mit Markus Mu\u0308ller. Wir arbeiten seither oft gemeinsam in unterschiedlichen Kinderga\u0308rten und Schulen.<\/p><p>Ich nahm an weiteren Seminaren in Polen mit Fred und Jolanta teil, welche ich als sehr lehrreich, intensiv und beru\u0308hrend erlebte. In Warschau ergibt sich die Gelegenheit, sich international kennenzulernen und zu vernetzen.<\/p><p>Fu\u0308r mich ist Original Play ein gelebter Weg der Liebe, Achtsamkeit und des Friedens, in welchem direkte Gewaltpra\u0308vention fu\u0308r Kinder, Jugendliche und Erwachsene stattfindet. Ich bin dankbar dafu\u0308r, dass es eine Ausdehnung auf der Erde im Original Play gibt und ich auch ein Teil dessen bin.<\/p><\/div><\/div><\/div><\/div><div class=\"cl-popup-box-closer\" style=\"color:#c62a2c;\"><\/div><\/div><\/div><div class=\"cl-popup-closer\"><\/div><\/div><\/div><\/div><\/div><\/div><div id=\"pgc-4138-1-5\"  class=\"panel-grid-cell panel-grid-cell-empty\" ><\/div><div id=\"pgc-4138-1-6\"  class=\"panel-grid-cell panel-grid-cell-empty panel-grid-cell-mobile-last\" ><\/div><div id=\"pgc-4138-1-7\"  class=\"panel-grid-cell panel-grid-cell-empty\" ><\/div><\/div><\/div><div id=\"pg-4138-2\"  class=\"panel-grid panel-has-style\" ><div style=\"padding: 2em 0; \" data-overlay=\"true\" class=\"panel-row-style panel-row-style-for-4138-2\" ><div id=\"pgc-4138-2-0\"  class=\"panel-grid-cell panel-grid-cell-empty\" ><\/div><\/div><\/div><\/div><input class=\"fooboxshare_post_id\" type=\"hidden\" value=\"4138\"\/>","protected":false},"excerpt":{"rendered":"<p>Johanna Sch\u00f6pf-MajorOriginal Play ist ein gelebter Weg der Liebe, Achtsamkeit und des Friedens, in welchem direkte Gewaltpr\u00e4vention f\u00fcr Kinder, Jugendliche und Erwachsene stattfindet.Apprentice, Spielpraxis seit 2006SteiermarkKontaktKontaktjohanna@originalplay.atFotogalerieJohanna beim Spielen[foogallery id=&#8220;4151&#8243;]WerdegangWerdegangAls fu\u0308nftes von sechs Kindern kam ich 1974 in Tirol auf die Welt. Dort wuchs ich in Ehrwald auf und war umgeben von einer wunderscho\u0308nen Natur, unserer&hellip; <a class=\"continue\" href=\"https:\/\/www.hiersein.at\/op\/johanna-schoepf-major\/\">Mehr lesen<span> Johanna Sch\u00f6pf-Major<\/span><\/a><\/p>\n","protected":false},"author":2,"featured_media":0,"parent":0,"menu_order":0,"comment_status":"closed","ping_status":"closed","template":"page-templates\/page_front-page.php","meta":{"_price":"","_stock":"","_tribe_ticket_header":"","_tribe_default_ticket_provider":"","_tribe_ticket_capacity":"0","_ticket_start_date":"","_ticket_end_date":"","_tribe_ticket_show_description":"","_tribe_ticket_show_not_going":false,"_tribe_ticket_use_global_stock":"","_tribe_ticket_global_stock_level":"","_global_stock_mode":"","_global_stock_cap":"","_tribe_rsvp_for_event":"","_tribe_ticket_going_count":"","_tribe_ticket_not_going_count":"","_tribe_tickets_list":[],"_tribe_ticket_has_attendee_info_fields":false},"_links":{"self":[{"href":"https:\/\/www.hiersein.at\/op\/wp-json\/wp\/v2\/pages\/4138"}],"collection":[{"href":"https:\/\/www.hiersein.at\/op\/wp-json\/wp\/v2\/pages"}],"about":[{"href":"https:\/\/www.hiersein.at\/op\/wp-json\/wp\/v2\/types\/page"}],"author":[{"embeddable":true,"href":"https:\/\/www.hiersein.at\/op\/wp-json\/wp\/v2\/users\/2"}],"replies":[{"embeddable":true,"href":"https:\/\/www.hiersein.at\/op\/wp-json\/wp\/v2\/comments?post=4138"}],"version-history":[{"count":11,"href":"https:\/\/www.hiersein.at\/op\/wp-json\/wp\/v2\/pages\/4138\/revisions"}],"predecessor-version":[{"id":6181,"href":"https:\/\/www.hiersein.at\/op\/wp-json\/wp\/v2\/pages\/4138\/revisions\/6181"}],"wp:attachment":[{"href":"https:\/\/www.hiersein.at\/op\/wp-json\/wp\/v2\/media?parent=4138"}],"curies":[{"name":"wp","href":"https:\/\/api.w.org\/{rel}","templated":true}]}}