{"id":3450,"date":"2017-08-25T10:18:47","date_gmt":"2017-08-25T08:18:47","guid":{"rendered":"https:\/\/www.hiersein.at\/op\/?page_id=3450"},"modified":"2019-10-29T19:16:37","modified_gmt":"2019-10-29T17:16:37","slug":"gabriele-tober-cikanek","status":"publish","type":"page","link":"https:\/\/www.hiersein.at\/op\/gabriele-tober-cikanek\/","title":{"rendered":"Gabriele Tober-Cikanek"},"content":{"rendered":"<div id=\"pl-3450\"  class=\"panel-layout\" ><div id=\"pg-3450-0\"  class=\"panel-grid panel-has-style\" ><div style=\"padding: 1em 0; \" data-overlay=\"true\" class=\"panel-row-style panel-row-style-for-3450-0\" ><div id=\"pgc-3450-0-0\"  class=\"panel-grid-cell panel-grid-cell-empty\" ><\/div><div id=\"pgc-3450-0-1\"  class=\"panel-grid-cell panel-grid-cell-mobile-last\" ><div id=\"panel-3450-0-1-0\" class=\"so-panel widget widget_cl-review widget-cl-review panel-first-child panel-last-child\" data-index=\"0\" ><div class=\"wow fadeInDownBig panel-widget-style panel-widget-style-for-3450-0-1-0\" style=\"text-align: left;\" data-wow-iteration=\"1\" data-title-color=\"#443f3f\" data-headings-color=\"#443f3f\" ><h3 class=\"widget-title\">Gabriele Tober-Cikanek<\/h3><div class=\"cl-review type_quote layout_centered quote_italic with_avatar\"><div class=\"cl-review-quote\"><div class=\"cl-review-quote-text\" style=\"font-size:20px;\"><q>Original Play \u00f6ffnet die Herzen und bringt neue Wege f\u00fcr ein friedliches Miteinander.<\/q><\/div><div class=\"cl-review-author\" style=\"font-size:18px;\"><span class=\"cl-review-author-avatar\" style=\"background-image: url(https:\/\/www.hiersein.at\/op\/wp-content\/uploads\/2017\/08\/Gabriele-Tober-Cikanek-150x150.jpg)\"><\/span><span class=\"cl-review-author-name\">Apprentice, Spielpraxis seit 2010<\/span><span class=\"cl-review-author-occupation\">N\u00d6, \u00d6O<\/span><\/div><\/div><\/div><\/div><\/div><\/div><div id=\"pgc-3450-0-2\"  class=\"panel-grid-cell panel-grid-cell-empty\" ><\/div><\/div><\/div><div id=\"pg-3450-1\"  class=\"panel-grid panel-has-style\" ><div style=\"padding: 2em 0; \" data-overlay=\"true\" class=\"panel-row-style panel-row-style-for-3450-1\" ><div id=\"pgc-3450-1-0\"  class=\"panel-grid-cell panel-grid-cell-empty\" ><\/div><div id=\"pgc-3450-1-1\"  class=\"panel-grid-cell\" ><div id=\"panel-3450-1-1-0\" class=\"so-panel widget widget_cl-popup widget-cl-popup panel-first-child panel-last-child\" data-index=\"1\" ><div style=\"text-align: left;\" data-title-color=\"#443f3f\" data-headings-color=\"#443f3f\" class=\"panel-widget-style panel-widget-style-for-3450-1-1-0\" ><div class=\"cl-popup align_center\"><a href=\"javascript:void(0)\" class=\"cl-popup-trigger type_btn cl-btn\" style=\"color:#ffffff;background-color:#c62a2c;\"><span>Kontakt<\/span><\/a><div class=\"cl-popup-overlay\" style=\"background-color:rgba(0,0,0,0.75);\"><\/div><div class=\"cl-popup-wrap\"><div class=\"cl-popup-box size_s animation_slideTop\"><div class=\"cl-popup-box-h\"><div class=\"cl-popup-box-title\" style=\"color:#000000;background-color:#ffffff;\">Kontakt<\/div><div class=\"cl-popup-box-content\" style=\"color:#333333;background-color:#ffffff;\"><h5 style=\"text-align: center;\"><a href=\"mailto:gaby@originalplay.at\">gaby@originalplay.at<\/a><\/h5><\/div><div class=\"cl-popup-box-closer\" style=\"color:#000000;\"><\/div><\/div><\/div><div class=\"cl-popup-closer\"><\/div><\/div><\/div><\/div><\/div><\/div><div id=\"pgc-3450-1-2\"  class=\"panel-grid-cell\" ><div id=\"panel-3450-1-2-0\" class=\"so-panel widget widget_cl-popup widget-cl-popup panel-first-child panel-last-child\" data-index=\"2\" ><div style=\"text-align: left;\" data-title-color=\"#443f3f\" data-headings-color=\"#443f3f\" class=\"panel-widget-style panel-widget-style-for-3450-1-2-0\" ><div class=\"cl-popup align_center\"><a href=\"javascript:void(0)\" class=\"cl-popup-trigger type_btn cl-btn\" style=\"color:#ffffff;background-color:#c62a2c;\"><span>Fotogalerie<\/span><\/a><div class=\"cl-popup-overlay\" style=\"background-color:rgba(0,0,0,0.75);\"><\/div><div class=\"cl-popup-wrap\"><div class=\"cl-popup-box size_xl animation_slideTop\"><div class=\"cl-popup-box-h\"><div class=\"cl-popup-box-title\" style=\"color:#ffffff;background-color:#000000;\">Gaby beim Spielen<\/div><div class=\"cl-popup-box-content\" style=\"color:#ffffff;background-color:#000000;\"><p>[foogallery id=\"3478\"]<\/p><\/div><div class=\"cl-popup-box-closer\" style=\"color:#ffffff;\"><\/div><\/div><\/div><div class=\"cl-popup-closer\"><\/div><\/div><\/div><\/div><\/div><\/div><div id=\"pgc-3450-1-3\"  class=\"panel-grid-cell\" ><div id=\"panel-3450-1-3-0\" class=\"so-panel widget widget_cl-popup widget-cl-popup panel-first-child panel-last-child\" data-index=\"3\" ><div style=\"text-align: left;\" data-title-color=\"#443f3f\" data-headings-color=\"#443f3f\" class=\"panel-widget-style panel-widget-style-for-3450-1-3-0\" ><div class=\"cl-popup align_center\"><a href=\"javascript:void(0)\" class=\"cl-popup-trigger type_btn cl-btn\" style=\"color:#ffffff;background-color:#c62a2c;\"><span>Werdegang<\/span><\/a><div class=\"cl-popup-overlay\" style=\"background-color:rgba(0,0,0,0.75);\"><\/div><div class=\"cl-popup-wrap\"><div class=\"cl-popup-box size_s animation_slideTop\"><div class=\"cl-popup-box-h\"><div class=\"cl-popup-box-title\" style=\"color:#000000;background-color:#ffffff;\">Werdegang<\/div><div class=\"cl-popup-box-content\" style=\"color:#333333;background-color:#ffffff;\"><p class=\"p1\"><span class=\"s1\">Nach einem Vortrag 2008 in Herzogenburg machte ich bald darauf meinen ersten Workshop mit Pferden. Ich hatte zwar keine Angst vor Pferden, aber durch ihre Gr\u00f6\u00dfe hatte ich gro\u00dfen Respekt vor ihnen und streichelte grad mal ihren Kopf. Beim Workshop setzte ich mich auf die Wiese und war neugierig. Ich schloss die Augen und eigentlich glaubte ich, dass zu mir sowieso kein Pferd kommen w\u00fcrde. Doch schon nach kurzer Zeit kitzelte und schnaubte etwas vor meinem Gesicht. Ein Pferd schnupperte an mir, stie\u00df mich mit dem Kopf an und ich schmiegte meinen an seinen Kopf. Dann kam ein zweites und kniend bewegte ich mich mal zum einen und zum anderen, Tr\u00e4nen kollerten mir \u00fcber die Wangen, aber ich wischte sie nicht weg, denn ich wollte mit keiner Sekunde von dieser Innigkeit und den tiefen Gef\u00fchlen ablenken. <\/span><\/p><p class=\"p1\"><span class=\"s1\">Mit gro\u00dfer Begeisterung fing ich gleich an in der Mostviertler Montessorischule, in der ich arbeitete, zu spielen. Da wir keinen Bewegungsraum hatten, improvisierte ich in einer Ecke im Materialraum eine Spielfl\u00e4che und kleidete sie mit Matten aus. Seither spiele ich mal intensiver mal weniger in der Schule.<\/span><\/p><p class=\"p1\"><span class=\"s1\">Zwischen 2010 und 2013 besuchte ich bei Fred Donaldson und Yolanda Graczykowska Basic und Advanced Training Seminare in Polen und Workshops in \u00d6sterreich.<\/span><\/p><p class=\"p1\"><span class=\"s1\">Wunderbar finde ich es mit Menschen mit besonderen Bed\u00fcrfnissen zu spielen, da sp\u00fcre ich sofort eine liebevolle Verbindung und ich folge dem Rhythmus dem mein\/e Spieler*in gerade w\u00fcnscht.<\/span><\/p><p class=\"p1\"><span class=\"s1\">Ein besonderes Erlebnis war im Rahmen einer Ghana-Reise, als ich\u00a0eine Woche in einer Schule spielen konnte. Auch da improvisierte ich Original Play im Innenhof mit Strohmatten auf dem Sandboden. Die Kinder und Jugendlichen freuten sich so aufs Spielen, denn sie erlebten scheinbar das erste Mal eine direkte liebevolle, respektvolle unverbindliche Begegnung.<\/span><\/p><p class=\"p1\"><span class=\"s1\">Mit Sonja Mille und Michael Parenti spielte ich von 2015-2017 in den Containerd\u00f6rfern in Amstetten mit den Kindern der Asylwerber*innen.<\/span><\/p><p class=\"p1\"><span class=\"s1\">Ich finde es gro\u00dfartig, dass Original Play \u00d6sterreich eine Drehscheibe f\u00fcr spielfreudige Menschen geworden ist.<\/span><\/p><\/div><div class=\"cl-popup-box-closer\" style=\"color:#000000;\"><\/div><\/div><\/div><div class=\"cl-popup-closer\"><\/div><\/div><\/div><\/div><\/div><\/div><div id=\"pgc-3450-1-4\"  class=\"panel-grid-cell panel-grid-cell-empty panel-grid-cell-mobile-last\" ><\/div><div id=\"pgc-3450-1-5\"  class=\"panel-grid-cell panel-grid-cell-empty\" ><\/div><\/div><\/div><\/div><input class=\"fooboxshare_post_id\" type=\"hidden\" value=\"3450\"\/>","protected":false},"excerpt":{"rendered":"<p>Gabriele Tober-CikanekOriginal Play \u00f6ffnet die Herzen und bringt neue Wege f\u00fcr ein friedliches Miteinander.Apprentice, Spielpraxis seit 2010N\u00d6, \u00d6OKontaktKontaktgaby@originalplay.atFotogalerieGaby beim Spielen[foogallery id=&#8220;3478&#8243;]WerdegangWerdegangNach einem Vortrag 2008 in Herzogenburg machte ich bald darauf meinen ersten Workshop mit Pferden. Ich hatte zwar keine Angst vor Pferden, aber durch ihre Gr\u00f6\u00dfe hatte ich gro\u00dfen Respekt vor ihnen und streichelte grad&hellip; <a class=\"continue\" href=\"https:\/\/www.hiersein.at\/op\/gabriele-tober-cikanek\/\">Mehr lesen<span> Gabriele Tober-Cikanek<\/span><\/a><\/p>\n","protected":false},"author":2,"featured_media":0,"parent":0,"menu_order":17,"comment_status":"closed","ping_status":"closed","template":"page-templates\/page_front-page.php","meta":{"_price":"","_stock":"","_tribe_ticket_header":"","_tribe_default_ticket_provider":"","_tribe_ticket_capacity":"0","_ticket_start_date":"","_ticket_end_date":"","_tribe_ticket_show_description":"","_tribe_ticket_show_not_going":false,"_tribe_ticket_use_global_stock":"","_tribe_ticket_global_stock_level":"","_global_stock_mode":"","_global_stock_cap":"","_tribe_rsvp_for_event":"","_tribe_ticket_going_count":"","_tribe_ticket_not_going_count":"","_tribe_tickets_list":[],"_tribe_ticket_has_attendee_info_fields":false},"_links":{"self":[{"href":"https:\/\/www.hiersein.at\/op\/wp-json\/wp\/v2\/pages\/3450"}],"collection":[{"href":"https:\/\/www.hiersein.at\/op\/wp-json\/wp\/v2\/pages"}],"about":[{"href":"https:\/\/www.hiersein.at\/op\/wp-json\/wp\/v2\/types\/page"}],"author":[{"embeddable":true,"href":"https:\/\/www.hiersein.at\/op\/wp-json\/wp\/v2\/users\/2"}],"replies":[{"embeddable":true,"href":"https:\/\/www.hiersein.at\/op\/wp-json\/wp\/v2\/comments?post=3450"}],"version-history":[{"count":38,"href":"https:\/\/www.hiersein.at\/op\/wp-json\/wp\/v2\/pages\/3450\/revisions"}],"predecessor-version":[{"id":6188,"href":"https:\/\/www.hiersein.at\/op\/wp-json\/wp\/v2\/pages\/3450\/revisions\/6188"}],"wp:attachment":[{"href":"https:\/\/www.hiersein.at\/op\/wp-json\/wp\/v2\/media?parent=3450"}],"curies":[{"name":"wp","href":"https:\/\/api.w.org\/{rel}","templated":true}]}}