{"id":3419,"date":"2017-08-22T06:52:43","date_gmt":"2017-08-22T04:52:43","guid":{"rendered":"https:\/\/www.hiersein.at\/op\/?page_id=3419"},"modified":"2019-10-29T19:15:59","modified_gmt":"2019-10-29T17:15:59","slug":"oana-strauss","status":"publish","type":"page","link":"https:\/\/www.hiersein.at\/op\/oana-strauss\/","title":{"rendered":"Oana Strauss"},"content":{"rendered":"<div id=\"pl-3419\"  class=\"panel-layout\" ><div id=\"pg-3419-0\"  class=\"panel-grid panel-has-style\" ><div style=\"padding: 1em 0; \" data-overlay=\"true\" class=\"panel-row-style panel-row-style-for-3419-0\" ><div id=\"pgc-3419-0-0\"  class=\"panel-grid-cell panel-grid-cell-empty\" ><\/div><div id=\"pgc-3419-0-1\"  class=\"panel-grid-cell panel-grid-cell-mobile-last\" ><div id=\"panel-3419-0-1-0\" class=\"so-panel widget widget_cl-review widget-cl-review panel-first-child panel-last-child\" data-index=\"0\" ><div class=\"wow fadeInDownBig panel-widget-style panel-widget-style-for-3419-0-1-0\" style=\"text-align: left;\" data-wow-iteration=\"1\" data-title-color=\"#c62a2c\" data-headings-color=\"#443f3f\" ><h3 class=\"widget-title\">Oana Strauss<\/h3><div class=\"cl-review type_quote layout_centered quote_italic with_avatar\"><div class=\"cl-review-quote\"><div class=\"cl-review-quote-text\" style=\"font-size:20px;\"><q>Urspr\u00fcngliches Spiel \u00f6ffnet die T\u00fcr des Raumes, wo das ICH schmilzt und zum WIR wird.<\/q><\/div><div class=\"cl-review-author\" style=\"font-size:18px;\"><span class=\"cl-review-author-avatar\" style=\"background-image: url(https:\/\/www.hiersein.at\/op\/wp-content\/uploads\/2017\/08\/Oana_Strauss_Q-1-150x150.jpg)\"><\/span><span class=\"cl-review-author-name\">Apprentice, Spielpraxis seit 2014<\/span><span class=\"cl-review-author-occupation\">Vorarlberg<\/span><\/div><\/div><\/div><\/div><\/div><\/div><div id=\"pgc-3419-0-2\"  class=\"panel-grid-cell panel-grid-cell-empty\" ><\/div><\/div><\/div><div id=\"pg-3419-1\"  class=\"panel-grid panel-has-style\" ><div style=\"padding: 2em 0; \" data-overlay=\"true\" data-overlay-color=\"#000000\" class=\"panel-row-style panel-row-style-for-3419-1\" ><div id=\"pgc-3419-1-0\"  class=\"panel-grid-cell panel-grid-cell-empty\" ><\/div><div id=\"pgc-3419-1-1\"  class=\"panel-grid-cell panel-grid-cell-empty\" ><\/div><div id=\"pgc-3419-1-2\"  class=\"panel-grid-cell\" ><div id=\"panel-3419-1-2-0\" class=\"so-panel widget widget_cl-popup widget-cl-popup panel-first-child panel-last-child\" data-index=\"1\" ><div style=\"text-align: left;\" data-title-color=\"#443f3f\" data-headings-color=\"#443f3f\" class=\"panel-widget-style panel-widget-style-for-3419-1-2-0\" ><div class=\"cl-popup align_center\"><a href=\"javascript:void(0)\" class=\"cl-popup-trigger type_btn cl-btn\" style=\"color:#ffffff;background-color:#c62a2c;\"><span>Kontakt<\/span><\/a><div class=\"cl-popup-overlay\" style=\"background-color:rgba(0,0,0,0.75);\"><\/div><div class=\"cl-popup-wrap\"><div class=\"cl-popup-box size_s animation_slideTop\"><div class=\"cl-popup-box-h\"><div class=\"cl-popup-box-title\" style=\"color:#000000;background-color:#ffffff;\">Kontakt<\/div><div class=\"cl-popup-box-content\" style=\"color:#333333;background-color:#ffffff;\"><h5 style=\"text-align: center;\"><a href=\"mailto:oana@originalplay.at\">oana@originalplay.at<\/a><\/h5><\/div><div class=\"cl-popup-box-closer\" style=\"color:#000000;\"><\/div><\/div><\/div><div class=\"cl-popup-closer\"><\/div><\/div><\/div><\/div><\/div><\/div><div id=\"pgc-3419-1-3\"  class=\"panel-grid-cell\" ><div id=\"panel-3419-1-3-0\" class=\"so-panel widget widget_cl-popup widget-cl-popup panel-first-child panel-last-child\" data-index=\"2\" ><div style=\"text-align: left;\" data-title-color=\"#443f3f\" data-headings-color=\"#443f3f\" class=\"panel-widget-style panel-widget-style-for-3419-1-3-0\" ><div class=\"cl-popup align_center\"><a href=\"javascript:void(0)\" class=\"cl-popup-trigger type_btn cl-btn\" style=\"color:#ffffff;background-color:#c62a2c;\"><span>Werdegang<\/span><\/a><div class=\"cl-popup-overlay\" style=\"background-color:rgba(0,0,0,0.75);\"><\/div><div class=\"cl-popup-wrap\"><div class=\"cl-popup-box size_m animation_flipVer\"><div class=\"cl-popup-box-h\"><div class=\"cl-popup-box-title\" style=\"color:#c62a2c;background-color:#ffffff;\">Werdegang<\/div><div class=\"cl-popup-box-content\" style=\"color:#333333;background-color:#ffffff;\"><p style=\"text-align: left;\">Ich bin 1980 in Rum\u00e4nien geboren, wohnhaft in Vorarlberg, gl\u00fccklich verheiratet und Mutter zweier wunderbarer Jungs. Seit 2012 arbeite ich als Kleinkind Betreuerin beim Vorarlberger Familienverband Lustenau, wo mir gl\u00fccklicherweise ein Original Play Workshop empfohlen wurde. Im Jahr 2014 durfte ich Dr. O. Fred Donaldson und das Programm Original Play kennenlernen - nichtsahnend, dass das der Beginn einer wunderbaren Reise sein w\u00fcrde.<\/p><p style=\"text-align: left;\">Ich war verzaubert und dankbar, weil ich gefunden hatte, wonach ich mich schon sehr lange gesehnt hatte. Meine zuk\u00fcnftigen Lehrmeister - die Kinder - spielten schon lange vor meiner Nase und warteten nur darauf, dass ich endlich aus meinem erwachsenen Traum erwachte. Ich nahm an verschiedenen Spielsitzungen teil, geleitet von Fred und Steve, weiteren Workshops und einem Basic Seminar in Warschau, geleitet von Fred und Jola. Seit 2015 biete ich Original Play in Kinderkrippen, Kinderg\u00e4rten und Schulen an und freue mich auf weitere lehrreiche Spielmomente.<\/p><\/div><div class=\"cl-popup-box-closer\" style=\"color:#c62a2c;\"><\/div><\/div><\/div><div class=\"cl-popup-closer\"><\/div><\/div><\/div><\/div><\/div><\/div><div id=\"pgc-3419-1-4\"  class=\"panel-grid-cell panel-grid-cell-empty\" ><\/div><div id=\"pgc-3419-1-5\"  class=\"panel-grid-cell panel-grid-cell-empty panel-grid-cell-mobile-last\" ><\/div><div id=\"pgc-3419-1-6\"  class=\"panel-grid-cell panel-grid-cell-empty\" ><\/div><\/div><\/div><\/div><input class=\"fooboxshare_post_id\" type=\"hidden\" value=\"3419\"\/>","protected":false},"excerpt":{"rendered":"<p>Oana StraussUrspr\u00fcngliches Spiel \u00f6ffnet die T\u00fcr des Raumes, wo das ICH schmilzt und zum WIR wird.Apprentice, Spielpraxis seit 2014VorarlbergKontaktKontaktoana@originalplay.atWerdegangWerdegangIch bin 1980 in Rum\u00e4nien geboren, wohnhaft in Vorarlberg, gl\u00fccklich verheiratet und Mutter zweier wunderbarer Jungs. Seit 2012 arbeite ich als Kleinkind Betreuerin beim Vorarlberger Familienverband Lustenau, wo mir gl\u00fccklicherweise ein Original Play Workshop empfohlen wurde. Im&hellip; <a class=\"continue\" href=\"https:\/\/www.hiersein.at\/op\/oana-strauss\/\">Mehr lesen<span> Oana Strauss<\/span><\/a><\/p>\n","protected":false},"author":2,"featured_media":3409,"parent":0,"menu_order":16,"comment_status":"closed","ping_status":"closed","template":"page-templates\/page_front-page.php","meta":{"_price":"","_stock":"","_tribe_ticket_header":"","_tribe_default_ticket_provider":"","_tribe_ticket_capacity":"0","_ticket_start_date":"","_ticket_end_date":"","_tribe_ticket_show_description":"","_tribe_ticket_show_not_going":false,"_tribe_ticket_use_global_stock":"","_tribe_ticket_global_stock_level":"","_global_stock_mode":"","_global_stock_cap":"","_tribe_rsvp_for_event":"","_tribe_ticket_going_count":"","_tribe_ticket_not_going_count":"","_tribe_tickets_list":[],"_tribe_ticket_has_attendee_info_fields":false},"_links":{"self":[{"href":"https:\/\/www.hiersein.at\/op\/wp-json\/wp\/v2\/pages\/3419"}],"collection":[{"href":"https:\/\/www.hiersein.at\/op\/wp-json\/wp\/v2\/pages"}],"about":[{"href":"https:\/\/www.hiersein.at\/op\/wp-json\/wp\/v2\/types\/page"}],"author":[{"embeddable":true,"href":"https:\/\/www.hiersein.at\/op\/wp-json\/wp\/v2\/users\/2"}],"replies":[{"embeddable":true,"href":"https:\/\/www.hiersein.at\/op\/wp-json\/wp\/v2\/comments?post=3419"}],"version-history":[{"count":30,"href":"https:\/\/www.hiersein.at\/op\/wp-json\/wp\/v2\/pages\/3419\/revisions"}],"predecessor-version":[{"id":6144,"href":"https:\/\/www.hiersein.at\/op\/wp-json\/wp\/v2\/pages\/3419\/revisions\/6144"}],"wp:featuredmedia":[{"embeddable":true,"href":"https:\/\/www.hiersein.at\/op\/wp-json\/wp\/v2\/media\/3409"}],"wp:attachment":[{"href":"https:\/\/www.hiersein.at\/op\/wp-json\/wp\/v2\/media?parent=3419"}],"curies":[{"name":"wp","href":"https:\/\/api.w.org\/{rel}","templated":true}]}}