{"id":1239,"date":"2016-04-01T12:39:10","date_gmt":"2016-04-01T10:39:10","guid":{"rendered":"https:\/\/www.hiersein.at\/op\/marie-luise-mitterberger-copy\/"},"modified":"2016-09-06T19:10:31","modified_gmt":"2016-09-06T17:10:31","slug":"fred-donaldson","status":"publish","type":"page","link":"https:\/\/www.hiersein.at\/op\/fred-donaldson\/","title":{"rendered":"Fred Donaldson"},"content":{"rendered":"<div id=\"pl-1239\"  class=\"panel-layout\" ><div id=\"pg-1239-0\"  class=\"panel-grid panel-has-style\" ><div style=\"padding: 2em 0; \" data-overlay=\"true\" class=\"panel-row-style panel-row-style-for-1239-0\" ><div id=\"pgc-1239-0-0\"  class=\"panel-grid-cell panel-grid-cell-empty\" ><\/div><\/div><\/div><div id=\"pg-1239-1\"  class=\"panel-grid panel-has-style\" ><div style=\"padding: 1em 0; \" data-overlay=\"true\" class=\"panel-row-style panel-row-style-for-1239-1\" ><div id=\"pgc-1239-1-0\"  class=\"panel-grid-cell panel-grid-cell-empty\" ><\/div><div id=\"pgc-1239-1-1\"  class=\"panel-grid-cell\" ><div id=\"panel-1239-1-1-0\" class=\"so-panel widget widget_sow-editor panel-first-child panel-last-child\" data-index=\"0\" ><div\n\t\t\t\n\t\t\tclass=\"so-widget-sow-editor so-widget-sow-editor-base\"\n\t\t\t\n\t\t>\n<div class=\"siteorigin-widget-tinymce textwidget\">\n\t<p><img decoding=\"async\" loading=\"lazy\" class=\"aligncenter wp-image-403 size-medium\" src=\"https:\/\/www.hiersein.at\/op\/wp-content\/uploads\/2014\/04\/Fred-Donaldson-laedt-ein-217x300.jpg\" alt=\"\" width=\"217\" height=\"300\" srcset=\"https:\/\/www.hiersein.at\/op\/wp-content\/uploads\/2014\/04\/Fred-Donaldson-laedt-ein-217x300.jpg 217w, https:\/\/www.hiersein.at\/op\/wp-content\/uploads\/2014\/04\/Fred-Donaldson-laedt-ein-768x1062.jpg 768w, https:\/\/www.hiersein.at\/op\/wp-content\/uploads\/2014\/04\/Fred-Donaldson-laedt-ein-741x1024.jpg 741w, https:\/\/www.hiersein.at\/op\/wp-content\/uploads\/2014\/04\/Fred-Donaldson-laedt-ein-600x830.jpg 600w, https:\/\/www.hiersein.at\/op\/wp-content\/uploads\/2014\/04\/Fred-Donaldson-laedt-ein-480x664.jpg 480w, https:\/\/www.hiersein.at\/op\/wp-content\/uploads\/2014\/04\/Fred-Donaldson-laedt-ein-830x1148.jpg 830w, https:\/\/www.hiersein.at\/op\/wp-content\/uploads\/2014\/04\/Fred-Donaldson-laedt-ein-230x318.jpg 230w, https:\/\/www.hiersein.at\/op\/wp-content\/uploads\/2014\/04\/Fred-Donaldson-laedt-ein-350x484.jpg 350w, https:\/\/www.hiersein.at\/op\/wp-content\/uploads\/2014\/04\/Fred-Donaldson-laedt-ein.jpg 990w\" sizes=\"(max-width: 217px) 100vw, 217px\" \/><\/p>\n<\/div>\n<\/div><\/div><\/div><div id=\"pgc-1239-1-2\"  class=\"panel-grid-cell panel-grid-cell-empty\" ><\/div><div id=\"pgc-1239-1-3\"  class=\"panel-grid-cell panel-grid-cell-mobile-last\" ><div id=\"panel-1239-1-3-0\" class=\"so-panel widget widget_sow-editor panel-first-child panel-last-child\" data-index=\"1\" ><div\n\t\t\t\n\t\t\tclass=\"so-widget-sow-editor so-widget-sow-editor-base\"\n\t\t\t\n\t\t><h3 class=\"widget-title\">Fred Donaldson<\/h3>\n<div class=\"siteorigin-widget-tinymce textwidget\">\n\t<p style=\"text-align: center;\">Spielpraxis seit 1973<\/p>\n<h5 style=\"text-align: center;\">Weltweit<\/h5>\n<p style=\"text-align: center;\"><a class=\"footrigger\" href=\"#fred-spielen\">Fotogalerie<\/a><\/p>\n<p style=\"text-align: justify;\"><em>\"Original Play kann man nur von Kindern lernen. Du kannst es nicht von mir lernen. Ich bereite dich vor f\u00fcr die Meister - die Kinder.\"<\/em><\/p>\n<p style=\"text-align: center;\"><a href=\"mailto:ofreddybear@aol.com\">ofreddybear@aol.com<\/a><\/p>\n<div id=\"fred-spielen\" style=\"display: none;\">[foogallery id=\"1123\"]<\/div>\n<\/div>\n<\/div><\/div><\/div><div id=\"pgc-1239-1-4\"  class=\"panel-grid-cell panel-grid-cell-empty\" ><\/div><\/div><\/div><div id=\"pg-1239-2\"  class=\"panel-grid panel-has-style\" ><div style=\"padding: 1em 0; \" data-overlay=\"true\" class=\"panel-row-style panel-row-style-for-1239-2\" ><div id=\"pgc-1239-2-0\"  class=\"panel-grid-cell panel-grid-cell-empty\" ><\/div><div id=\"pgc-1239-2-1\"  class=\"panel-grid-cell panel-grid-cell-mobile-last\" ><div id=\"panel-1239-2-1-0\" class=\"so-panel widget widget_sow-editor panel-first-child panel-last-child\" data-index=\"2\" ><div\n\t\t\t\n\t\t\tclass=\"so-widget-sow-editor so-widget-sow-editor-base\"\n\t\t\t\n\t\t>\n<div class=\"siteorigin-widget-tinymce textwidget\">\n\t<h5>Werdegang<\/h5>\n<p>Fred Donaldson spielt seit 197O mit unz\u00e4hligen Menschen jeden Alters und mit freilebenden Tieren (W\u00f6lfen, Delphinen, B\u00e4ren, ...). Dabei hat er ein verbindendes Muster entdeckt, das er \u201cOriginal Play\u201d nennt. Seine gr\u00f6\u00dften Lehrmeister sind die Kinder.<\/p>\n<p>Er hat in kulturell unterschiedlichen Gemeinschaften, in Fl\u00fcchtlingslagern, mit Stra\u00dfenkindern, mit Bandenmitgliedern, mit Manager*innen und in Gef\u00e4ngnissen gespielt. Im Spiel teilt er mit den Menschen eine Welt voll Vertrauen, Zugeh\u00f6rigkeit und Vers\u00f6hnung.<\/p>\n<p>Mit seinen <a href=\"https:\/\/www.hiersein.at\/op\/veranstaltungen\/kategorie\/donaldson\/\">Vortr\u00e4gen und Workshops<\/a> ist er weltweit als Referent t\u00e4tig. Er ist Autor des Buches <a href=\"https:\/\/www.hiersein.at\/op\/medien\/\">\u201eVon Herzen Spielen - Vision und Praxis der Zugeh\u00f6rigkeit.\u201d<\/a><\/p>\n<\/div>\n<\/div><\/div><\/div><div id=\"pgc-1239-2-2\"  class=\"panel-grid-cell panel-grid-cell-empty\" ><\/div><\/div><\/div><div id=\"pg-1239-3\"  class=\"panel-grid panel-has-style\" ><div style=\"padding: 1em 0; \" data-overlay=\"true\" class=\"panel-row-style panel-row-style-for-1239-3\" ><div id=\"pgc-1239-3-0\"  class=\"panel-grid-cell panel-grid-cell-empty\" ><\/div><div id=\"pgc-1239-3-1\"  class=\"panel-grid-cell panel-grid-cell-mobile-last\" ><div id=\"panel-1239-3-1-0\" class=\"so-panel widget widget_sow-editor panel-first-child panel-last-child\" data-index=\"3\" ><div\n\t\t\t\n\t\t\tclass=\"so-widget-sow-editor so-widget-sow-editor-base\"\n\t\t\t\n\t\t>\n<div class=\"siteorigin-widget-tinymce textwidget\">\n\t<\/div>\n<\/div><\/div><\/div><div id=\"pgc-1239-3-2\"  class=\"panel-grid-cell panel-grid-cell-empty\" ><\/div><\/div><\/div><\/div><input class=\"fooboxshare_post_id\" type=\"hidden\" value=\"1239\"\/>","protected":false},"excerpt":{"rendered":"<p>Spielpraxis seit 1973 Weltweit Fotogalerie &#8222;Original Play kann man nur von Kindern lernen. Du kannst es nicht von mir lernen. Ich bereite dich vor f\u00fcr die Meister &#8211; die Kinder.&#8220; ofreddybear@aol.com [foogallery id=&#8220;1123&#8243;]<\/p>\n","protected":false},"author":1,"featured_media":882,"parent":0,"menu_order":7,"comment_status":"closed","ping_status":"closed","template":"page-templates\/page_front-page.php","meta":{"_price":"","_stock":"","_tribe_ticket_header":"","_tribe_default_ticket_provider":"","_tribe_ticket_capacity":"0","_ticket_start_date":"","_ticket_end_date":"","_tribe_ticket_show_description":"","_tribe_ticket_show_not_going":false,"_tribe_ticket_use_global_stock":"","_tribe_ticket_global_stock_level":"","_global_stock_mode":"","_global_stock_cap":"","_tribe_rsvp_for_event":"","_tribe_ticket_going_count":"","_tribe_ticket_not_going_count":"","_tribe_tickets_list":[],"_tribe_ticket_has_attendee_info_fields":false},"_links":{"self":[{"href":"https:\/\/www.hiersein.at\/op\/wp-json\/wp\/v2\/pages\/1239"}],"collection":[{"href":"https:\/\/www.hiersein.at\/op\/wp-json\/wp\/v2\/pages"}],"about":[{"href":"https:\/\/www.hiersein.at\/op\/wp-json\/wp\/v2\/types\/page"}],"author":[{"embeddable":true,"href":"https:\/\/www.hiersein.at\/op\/wp-json\/wp\/v2\/users\/1"}],"replies":[{"embeddable":true,"href":"https:\/\/www.hiersein.at\/op\/wp-json\/wp\/v2\/comments?post=1239"}],"version-history":[{"count":3,"href":"https:\/\/www.hiersein.at\/op\/wp-json\/wp\/v2\/pages\/1239\/revisions"}],"predecessor-version":[{"id":1898,"href":"https:\/\/www.hiersein.at\/op\/wp-json\/wp\/v2\/pages\/1239\/revisions\/1898"}],"wp:featuredmedia":[{"embeddable":true,"href":"https:\/\/www.hiersein.at\/op\/wp-json\/wp\/v2\/media\/882"}],"wp:attachment":[{"href":"https:\/\/www.hiersein.at\/op\/wp-json\/wp\/v2\/media?parent=1239"}],"curies":[{"name":"wp","href":"https:\/\/api.w.org\/{rel}","templated":true}]}}