{"id":1234,"date":"2016-04-01T12:36:34","date_gmt":"2016-04-01T10:36:34","guid":{"rendered":"https:\/\/www.hiersein.at\/op\/sonja-mille-copy\/"},"modified":"2019-10-29T19:14:28","modified_gmt":"2019-10-29T17:14:28","slug":"klaus-seits","status":"publish","type":"page","link":"https:\/\/www.hiersein.at\/op\/klaus-seits\/","title":{"rendered":"Klaus Seits"},"content":{"rendered":"<div id=\"pl-1234\"  class=\"panel-layout\" ><div id=\"pg-1234-0\"  class=\"panel-grid panel-has-style\" ><div style=\"padding: 1em 0; \" data-overlay=\"true\" class=\"panel-row-style panel-row-style-for-1234-0\" ><div id=\"pgc-1234-0-0\"  class=\"panel-grid-cell panel-grid-cell-empty\" ><\/div><div id=\"pgc-1234-0-1\"  class=\"panel-grid-cell panel-grid-cell-mobile-last\" ><div id=\"panel-1234-0-1-0\" class=\"so-panel widget widget_cl-review widget-cl-review panel-first-child panel-last-child\" data-index=\"0\" ><div class=\"wow fadeInDownBig panel-widget-style panel-widget-style-for-1234-0-1-0\" style=\"text-align: left;\" data-wow-iteration=\"1\" data-title-color=\"#443f3f\" data-headings-color=\"#443f3f\" ><h3 class=\"widget-title\">Klaus Seits<\/h3><div class=\"cl-review type_quote layout_centered quote_italic with_avatar\"><div class=\"cl-review-quote\"><div class=\"cl-review-quote-text\" style=\"font-size:20px;\"><q>Bei Original Play geht einem wirklich das Herz auf, diese Lebensfreude und Begeisterung im Spiel zu erleben ist jedes Mal von neuem ein Geschenk.\n<\/q><\/div><div class=\"cl-review-author\" style=\"font-size:18px;\"><span class=\"cl-review-author-avatar\" style=\"background-image: url(https:\/\/www.hiersein.at\/op\/wp-content\/uploads\/2016\/03\/OP_Klaus0-150x150.jpg)\"><\/span><span class=\"cl-review-author-name\">Apprentice, Spielpraxis seit 2013<\/span><span class=\"cl-review-author-occupation\">N\u00d6, O\u00d6, Sbg.<\/span><\/div><\/div><\/div><\/div><\/div><\/div><div id=\"pgc-1234-0-2\"  class=\"panel-grid-cell panel-grid-cell-empty\" ><\/div><\/div><\/div><div id=\"pg-1234-1\"  class=\"panel-grid panel-has-style\" ><div style=\"padding: 2em 0; \" data-overlay=\"true\" class=\"panel-row-style panel-row-style-for-1234-1\" ><div id=\"pgc-1234-1-0\"  class=\"panel-grid-cell panel-grid-cell-empty\" ><\/div><div id=\"pgc-1234-1-1\"  class=\"panel-grid-cell panel-grid-cell-empty\" ><\/div><div id=\"pgc-1234-1-2\"  class=\"panel-grid-cell\" ><div id=\"panel-1234-1-2-0\" class=\"so-panel widget widget_cl-popup widget-cl-popup panel-first-child panel-last-child\" data-index=\"1\" ><div style=\"text-align: left;\" data-title-color=\"#443f3f\" data-headings-color=\"#443f3f\" class=\"panel-widget-style panel-widget-style-for-1234-1-2-0\" ><div class=\"cl-popup align_center\"><a href=\"javascript:void(0)\" class=\"cl-popup-trigger type_btn cl-btn\" style=\"color:#ffffff;background-color:#c62a2c;\"><span>Kontakt<\/span><\/a><div class=\"cl-popup-overlay\" style=\"background-color:rgba(0,0,0,0.75);\"><\/div><div class=\"cl-popup-wrap\"><div class=\"cl-popup-box size_s animation_slideTop\"><div class=\"cl-popup-box-h\"><div class=\"cl-popup-box-title\" style=\"color:#000000;background-color:#ffffff;\">Kontakt<\/div><div class=\"cl-popup-box-content\" style=\"color:#333333;background-color:#ffffff;\"><h5 style=\"text-align: center;\"><a href=\"mailto:klaus@originalplay.at\">klaus@originalplay.at<\/a><\/h5><\/div><div class=\"cl-popup-box-closer\" style=\"color:#000000;\"><\/div><\/div><\/div><div class=\"cl-popup-closer\"><\/div><\/div><\/div><\/div><\/div><\/div><div id=\"pgc-1234-1-3\"  class=\"panel-grid-cell\" ><div id=\"panel-1234-1-3-0\" class=\"so-panel widget widget_cl-popup widget-cl-popup panel-first-child panel-last-child\" data-index=\"2\" ><div class=\"cl-popup align_center\"><a href=\"javascript:void(0)\" class=\"cl-popup-trigger type_btn cl-btn\" style=\"color:#ffffff;background-color:#c62a2c;\"><span>Fotogalerie<\/span><\/a><div class=\"cl-popup-overlay\" style=\"background-color:rgba(0,0,0,0.75);\"><\/div><div class=\"cl-popup-wrap\"><div class=\"cl-popup-box size_xl animation_scaleUp\"><div class=\"cl-popup-box-h\"><div class=\"cl-popup-box-title\" style=\"color:#ffffff;background-color:rgba(0,0,0,0.75);\">Klaus beim Spielen<\/div><div class=\"cl-popup-box-content\" style=\"color:#333333;background-color:rgba(0,0,0,0.75);\"><p>[foogallery id=\"1116\"]<\/p><\/div><div class=\"cl-popup-box-closer\" style=\"color:#ffffff;\"><\/div><\/div><\/div><div class=\"cl-popup-closer\"><\/div><\/div><\/div><\/div><\/div><div id=\"pgc-1234-1-4\"  class=\"panel-grid-cell\" ><div id=\"panel-1234-1-4-0\" class=\"so-panel widget widget_cl-popup widget-cl-popup panel-first-child panel-last-child\" data-index=\"3\" ><div style=\"text-align: left;\" data-title-color=\"#443f3f\" data-headings-color=\"#443f3f\" class=\"panel-widget-style panel-widget-style-for-1234-1-4-0\" ><div class=\"cl-popup align_center\"><a href=\"javascript:void(0)\" class=\"cl-popup-trigger type_btn cl-btn\" style=\"color:#ffffff;background-color:#c62a2c;\"><span>Werdegang<\/span><\/a><div class=\"cl-popup-overlay\" style=\"background-color:rgba(0,0,0,0.75);\"><\/div><div class=\"cl-popup-wrap\"><div class=\"cl-popup-box size_m animation_flipVer\"><div class=\"cl-popup-box-h\"><div class=\"cl-popup-box-title\" style=\"color:#c62a2c;background-color:#ffffff;\">Werdegang<\/div><div class=\"cl-popup-box-content\" style=\"color:#333333;background-color:#ffffff;\"><p class=\"p1\"><span class=\"s1\">Jahrgang 1975, verheiratet mit meiner lieben Frau, Pflegevater eines lebendigen, fr\u00f6hlichen M\u00e4dels, Opa zweier Wirbelwinde, beruflich als Coach und Berater f\u00fcr Menschen und Organisationen t\u00e4tig - im inspirierenden Wechselspiel mit Kunst und Original Play mit Kindern, Jugendlichen und Menschen mit besonderen Bed\u00fcrfnissen jeden Alters. Ehrenamtlich beim Roten Kreuz und in der Bew\u00e4hrungshilfe t\u00e4tig.<\/span><\/p><p class=\"p1\"><span class=\"s1\">Original Play habe ich zusammen mit meiner lieben Frau bei einem Doppelpack von Einf\u00fchrungs- und Vertiefungsworkshop 2013 kennen gelernt. Da war ich so ber\u00fchrt, sofort wieder zur\u00fcck bei der Lebensfreude und der Begeisterung meiner Kindheitstage, hab mir da gedacht \"Wieso machst du \u00fcberhaupt noch irgendetwas anderes?\" Das Kind in mir hat Purzelb\u00e4ume geschlagen und gejauchzt. Und auch wenn das gro\u00dfe Ziel bei Original Play ja nicht der Spa\u00df ist, sondern die pers\u00f6nliche Entwicklung zu einem gesunden und f\u00fcrsorgenden Umgang mit sich selber und miteinander \u2013 und ja, das freut mich, an eigenem Leib und Seele zu erleben \u2013 so darf die Freude am Spiel ein begeisterndes Nebenprodukt sein. Juchuh!<\/span><\/p><p class=\"p1\"><span class=\"s1\">Meine liebe Frau und ich, wir haben dann gleich mit unserer Pflegetochter und unseren Enkerln zu \u00fcben begonnen und uns ein gutes Jahr sp\u00e4ter auch getraut mit anderen Kindern zu spielen. Original Play hat mir gezeigt: Von den Kindern k\u00f6nnen wir mehr und mehr \u00fcber uns und unsere Beziehunsgf\u00e4higkeit lernen, wir k\u00f6nnen uns im Spiel im Menschsein \u00fcben \u2013 und, wie Fred so ber\u00fchrend sagt: Original Play ist, wenn sich 2 Angesichter Gottes begegnen, wenn wir uns auf einer anderen Ebene treffen, die etwas Spirituelles hat.<\/span><\/p><p class=\"p1\"><span class=\"s1\">Heute spiele ich alleine oder in verschiedenen Konstellationen mit anderen Apprentices oder Workshopteilnehmer*innen in Schulen, Kinderg\u00e4rten, Eltern-Kind-Zentren, Kindergruppen, in sozialen Einrichtungen, in Einrichtungen f\u00fcr Menschen mit besonderen Bed\u00fcrfnissen und \u00fcberhaupt in jeder Situation, die sich ergibt, auch im Park und ja, einmal hab ich auch in einem Restaurant am Boden gespielt.<\/span><\/p><p class=\"p1\"><span class=\"s1\">Und: Original Play ist ja nicht nur etwas, das wir auf Matten (oder auch ohne) am Boden spielen, sondern eine Haltung im Leben: keine Vergeltung zu \u00fcben, immer sicheren Raum zu schaffen und dem anderen mit dem ehrlichen Gef\u00fchl zu begegnen: du bis liebenswert. Das versuche ich auch im Alltag zu leben.<\/span><\/p><p class=\"p1\"><span class=\"s1\">Der sch\u00f6nste Beweis, wie tief uns Original Play ber\u00fchrt und bewegt, ist f\u00fcr mich die Entwicklung, die wir als bunte Familie genommen haben, wenn unsere liebe Pflegetochter von der Schule nach Hause kommt und das erste, was sie sagt, ist: \"Wir m\u00fcssen spielen!\"<\/span><\/p><\/div><div class=\"cl-popup-box-closer\" style=\"color:#c62a2c;\"><\/div><\/div><\/div><div class=\"cl-popup-closer\"><\/div><\/div><\/div><\/div><\/div><\/div><div id=\"pgc-1234-1-5\"  class=\"panel-grid-cell\" ><div id=\"panel-1234-1-5-0\" class=\"so-panel widget widget_sow-button panel-first-child panel-last-child\" data-index=\"4\" ><div style=\"text-align: left;\" data-title-color=\"#443f3f\" data-headings-color=\"#443f3f\" class=\"panel-widget-style panel-widget-style-for-1234-1-5-0\" ><div\n\t\t\t\n\t\t\tclass=\"so-widget-sow-button so-widget-sow-button-flat-2bc7ee9a8c0e-1234\"\n\t\t\t\n\t\t><div class=\"ow-button-base ow-button-align-center\">\n\t<a href=\"https:\/\/www.hiersein.at\/op\/author\/klaus-seits\/\" class=\"ow-icon-placement-left\" \t\t>\n\t\t<span>\n\t\t\t\n\t\t\tBlogeintr\u00e4ge\t\t<\/span>\n\t<\/a>\n<\/div>\n<\/div><\/div><\/div><\/div><div id=\"pgc-1234-1-6\"  class=\"panel-grid-cell panel-grid-cell-empty panel-grid-cell-mobile-last\" ><\/div><div id=\"pgc-1234-1-7\"  class=\"panel-grid-cell panel-grid-cell-empty\" ><\/div><\/div><\/div><div id=\"pg-1234-2\"  class=\"panel-grid panel-has-style\" ><div style=\"padding: 2em 0; \" data-overlay=\"true\" class=\"panel-row-style panel-row-style-for-1234-2\" ><div id=\"pgc-1234-2-0\"  class=\"panel-grid-cell panel-grid-cell-empty\" ><\/div><\/div><\/div><\/div><input class=\"fooboxshare_post_id\" type=\"hidden\" value=\"1234\"\/>","protected":false},"excerpt":{"rendered":"<p>Klaus SeitsBei Original Play geht einem wirklich das Herz auf, diese Lebensfreude und Begeisterung im Spiel zu erleben ist jedes Mal von neuem ein Geschenk. Apprentice, Spielpraxis seit 2013N\u00d6, O\u00d6, Sbg.KontaktKontaktklaus@originalplay.atFotogalerieKlaus beim Spielen[foogallery id=&#8220;1116&#8243;]WerdegangWerdegangJahrgang 1975, verheiratet mit meiner lieben Frau, Pflegevater eines lebendigen, fr\u00f6hlichen M\u00e4dels, Opa zweier Wirbelwinde, beruflich als Coach und Berater f\u00fcr Menschen&hellip; <a class=\"continue\" href=\"https:\/\/www.hiersein.at\/op\/klaus-seits\/\">Mehr lesen<span> Klaus Seits<\/span><\/a><\/p>\n","protected":false},"author":1,"featured_media":882,"parent":0,"menu_order":15,"comment_status":"closed","ping_status":"closed","template":"page-templates\/page_front-page.php","meta":{"_price":"","_stock":"","_tribe_ticket_header":"","_tribe_default_ticket_provider":"","_tribe_ticket_capacity":"0","_ticket_start_date":"","_ticket_end_date":"","_tribe_ticket_show_description":"","_tribe_ticket_show_not_going":false,"_tribe_ticket_use_global_stock":"","_tribe_ticket_global_stock_level":"","_global_stock_mode":"","_global_stock_cap":"","_tribe_rsvp_for_event":"","_tribe_ticket_going_count":"","_tribe_ticket_not_going_count":"","_tribe_tickets_list":[],"_tribe_ticket_has_attendee_info_fields":false},"_links":{"self":[{"href":"https:\/\/www.hiersein.at\/op\/wp-json\/wp\/v2\/pages\/1234"}],"collection":[{"href":"https:\/\/www.hiersein.at\/op\/wp-json\/wp\/v2\/pages"}],"about":[{"href":"https:\/\/www.hiersein.at\/op\/wp-json\/wp\/v2\/types\/page"}],"author":[{"embeddable":true,"href":"https:\/\/www.hiersein.at\/op\/wp-json\/wp\/v2\/users\/1"}],"replies":[{"embeddable":true,"href":"https:\/\/www.hiersein.at\/op\/wp-json\/wp\/v2\/comments?post=1234"}],"version-history":[{"count":22,"href":"https:\/\/www.hiersein.at\/op\/wp-json\/wp\/v2\/pages\/1234\/revisions"}],"predecessor-version":[{"id":6186,"href":"https:\/\/www.hiersein.at\/op\/wp-json\/wp\/v2\/pages\/1234\/revisions\/6186"}],"wp:featuredmedia":[{"embeddable":true,"href":"https:\/\/www.hiersein.at\/op\/wp-json\/wp\/v2\/media\/882"}],"wp:attachment":[{"href":"https:\/\/www.hiersein.at\/op\/wp-json\/wp\/v2\/media?parent=1234"}],"curies":[{"name":"wp","href":"https:\/\/api.w.org\/{rel}","templated":true}]}}