{"id":1230,"date":"2016-04-01T12:34:05","date_gmt":"2016-04-01T10:34:05","guid":{"rendered":"https:\/\/www.hiersein.at\/op\/steve-heitzer-copy\/"},"modified":"2019-10-29T19:11:50","modified_gmt":"2019-10-29T17:11:50","slug":"markus-mueller","status":"publish","type":"page","link":"https:\/\/www.hiersein.at\/op\/markus-mueller\/","title":{"rendered":"Markus M\u00fcller"},"content":{"rendered":"<div id=\"pl-1230\"  class=\"panel-layout\" ><div id=\"pg-1230-0\"  class=\"panel-grid panel-has-style\" ><div style=\"padding: 1em 0; \" data-overlay=\"true\" class=\"panel-row-style panel-row-style-for-1230-0\" ><div id=\"pgc-1230-0-0\"  class=\"panel-grid-cell panel-grid-cell-empty\" ><\/div><div id=\"pgc-1230-0-1\"  class=\"panel-grid-cell panel-grid-cell-mobile-last\" ><div id=\"panel-1230-0-1-0\" class=\"so-panel widget widget_cl-review widget-cl-review panel-first-child panel-last-child\" data-index=\"0\" ><div class=\"wow fadeInDownBig panel-widget-style panel-widget-style-for-1230-0-1-0\" data-wow-iteration=\"1\" ><h3 class=\"widget-title\">Markus M\u00fcller<\/h3><div class=\"cl-review type_quote layout_centered quote_italic with_avatar\"><div class=\"cl-review-quote\"><div class=\"cl-review-quote-text\" style=\"font-size:20px;\"><q>Wenn wir uns wirklich begegnen wollen, entsteht Gemeinschaft von selbst. Dieser volle Ausdruck wahrer Begegnung kann im Original Play stattfinden.<\/q><\/div><div class=\"cl-review-author\" style=\"font-size:18px;\"><span class=\"cl-review-author-avatar\" style=\"background-image: url(https:\/\/www.hiersein.at\/op\/wp-content\/uploads\/2016\/03\/markus-mueller-150x150.jpg)\"><\/span><span class=\"cl-review-author-name\">Apprentice, Spielpraxis seit 2006<\/span><span class=\"cl-review-author-occupation\">Steiermark<\/span><\/div><\/div><\/div><\/div><\/div><\/div><div id=\"pgc-1230-0-2\"  class=\"panel-grid-cell panel-grid-cell-empty\" ><\/div><\/div><\/div><div id=\"pg-1230-1\"  class=\"panel-grid panel-has-style\" ><div style=\"padding: 2em 0; \" data-overlay=\"true\" class=\"panel-row-style panel-row-style-for-1230-1\" ><div id=\"pgc-1230-1-0\"  class=\"panel-grid-cell panel-grid-cell-empty\" ><\/div><div id=\"pgc-1230-1-1\"  class=\"panel-grid-cell panel-grid-cell-empty\" ><\/div><div id=\"pgc-1230-1-2\"  class=\"panel-grid-cell\" ><div id=\"panel-1230-1-2-0\" class=\"so-panel widget widget_cl-popup widget-cl-popup panel-first-child panel-last-child\" data-index=\"1\" ><div style=\"text-align: left;\" data-title-color=\"#443f3f\" data-headings-color=\"#443f3f\" class=\"panel-widget-style panel-widget-style-for-1230-1-2-0\" ><div class=\"cl-popup align_center\"><a href=\"javascript:void(0)\" class=\"cl-popup-trigger type_btn cl-btn\" style=\"color:#ffffff;background-color:#c62a2c;\"><span>Kontakt<\/span><\/a><div class=\"cl-popup-overlay\" style=\"background-color:rgba(0,0,0,0.75);\"><\/div><div class=\"cl-popup-wrap\"><div class=\"cl-popup-box size_s animation_slideTop\"><div class=\"cl-popup-box-h\"><div class=\"cl-popup-box-title\" style=\"color:#000000;background-color:#ffffff;\">Kontakt<\/div><div class=\"cl-popup-box-content\" style=\"color:#333333;background-color:#ffffff;\"><h5 style=\"text-align: center;\"><a href=\"mailto:markus@originalplay.at\">markus@originalplay.at<\/a><\/h5><\/div><div class=\"cl-popup-box-closer\" style=\"color:#000000;\"><\/div><\/div><\/div><div class=\"cl-popup-closer\"><\/div><\/div><\/div><\/div><\/div><\/div><div id=\"pgc-1230-1-3\"  class=\"panel-grid-cell\" ><div id=\"panel-1230-1-3-0\" class=\"so-panel widget widget_cl-popup widget-cl-popup panel-first-child panel-last-child\" data-index=\"2\" ><div class=\"cl-popup align_center\"><a href=\"javascript:void(0)\" class=\"cl-popup-trigger type_btn cl-btn\" style=\"color:#ffffff;background-color:#c62a2c;\"><span>Fotogalerie<\/span><\/a><div class=\"cl-popup-overlay\" style=\"background-color:rgba(0,0,0,0.75);\"><\/div><div class=\"cl-popup-wrap\"><div class=\"cl-popup-box size_xl animation_scaleUp\"><div class=\"cl-popup-box-h\"><div class=\"cl-popup-box-title\" style=\"color:#ffffff;background-color:rgba(0,0,0,0.75);\">Markus beim Spielen<\/div><div class=\"cl-popup-box-content\" style=\"color:#333333;background-color:rgba(0,0,0,0.75);\"><p>[foogallery id=\"1380\"]<\/p><\/div><div class=\"cl-popup-box-closer\" style=\"color:#ffffff;\"><\/div><\/div><\/div><div class=\"cl-popup-closer\"><\/div><\/div><\/div><\/div><\/div><div id=\"pgc-1230-1-4\"  class=\"panel-grid-cell\" ><div id=\"panel-1230-1-4-0\" class=\"so-panel widget widget_cl-popup widget-cl-popup panel-first-child panel-last-child\" data-index=\"3\" ><div style=\"text-align: left;\" data-title-color=\"#443f3f\" data-headings-color=\"#443f3f\" class=\"panel-widget-style panel-widget-style-for-1230-1-4-0\" ><div class=\"cl-popup align_center\"><a href=\"javascript:void(0)\" class=\"cl-popup-trigger type_btn cl-btn\" style=\"color:#ffffff;background-color:#c62a2c;\"><span>Werdegang<\/span><\/a><div class=\"cl-popup-overlay\" style=\"background-color:rgba(0,0,0,0.75);\"><\/div><div class=\"cl-popup-wrap\"><div class=\"cl-popup-box size_m animation_flipVer\"><div class=\"cl-popup-box-h\"><div class=\"cl-popup-box-title\" style=\"color:#c62a2c;background-color:#ffffff;\">Werdegang<\/div><div class=\"cl-popup-box-content\" style=\"color:#333333;background-color:#ffffff;\"><p>Ich habe Fred Donaldson und das urspr\u00fcngliche Spiel im Jahr 2006 mit meiner Familie in Graz kennengelernt und war sehr ber\u00fchrt von seiner einfachen und ruhigen Art, f\u00fcr den menschlichen Frieden zu spielen und zu unterrichten.<\/p><p>Ab dem Jahr 2009 bin ich mehrmals zu den Ausbildungen nach Warschau gefahren und habe seitdem meine Praxis im Spielen vertieft, indem ich gemeinsam mit Spielgef\u00e4hrten urspr\u00fcngliches Spielen an Kinderg\u00e4rten, Schulen und ElternKindZentren angeboten habe.<\/p><\/div><div class=\"cl-popup-box-closer\" style=\"color:#c62a2c;\"><\/div><\/div><\/div><div class=\"cl-popup-closer\"><\/div><\/div><\/div><\/div><\/div><\/div><div id=\"pgc-1230-1-5\"  class=\"panel-grid-cell\" ><div id=\"panel-1230-1-5-0\" class=\"so-panel widget widget_sow-button panel-first-child panel-last-child\" data-index=\"4\" ><div style=\"text-align: left;\" data-title-color=\"#443f3f\" data-headings-color=\"#443f3f\" class=\"panel-widget-style panel-widget-style-for-1230-1-5-0\" ><div\n\t\t\t\n\t\t\tclass=\"so-widget-sow-button so-widget-sow-button-flat-2bc7ee9a8c0e-1230\"\n\t\t\t\n\t\t><div class=\"ow-button-base ow-button-align-center\">\n\t<a href=\"https:\/\/www.hiersein.at\/op\/author\/markus-mueller\" class=\"ow-icon-placement-left\" \t\t>\n\t\t<span>\n\t\t\t\n\t\t\tBlogeintr\u00e4ge\t\t<\/span>\n\t<\/a>\n<\/div>\n<\/div><\/div><\/div><\/div><div id=\"pgc-1230-1-6\"  class=\"panel-grid-cell panel-grid-cell-empty panel-grid-cell-mobile-last\" ><\/div><div id=\"pgc-1230-1-7\"  class=\"panel-grid-cell panel-grid-cell-empty\" ><\/div><\/div><\/div><div id=\"pg-1230-2\"  class=\"panel-grid panel-has-style\" ><div style=\"padding: 2em 0; \" data-overlay=\"true\" class=\"panel-row-style panel-row-style-for-1230-2\" ><div id=\"pgc-1230-2-0\"  class=\"panel-grid-cell panel-grid-cell-empty\" ><\/div><\/div><\/div><\/div><input class=\"fooboxshare_post_id\" type=\"hidden\" value=\"1230\"\/>","protected":false},"excerpt":{"rendered":"<p>Markus M\u00fcllerWenn wir uns wirklich begegnen wollen, entsteht Gemeinschaft von selbst. Dieser volle Ausdruck wahrer Begegnung kann im Original Play stattfinden.Apprentice, Spielpraxis seit 2006SteiermarkKontaktKontaktmarkus@originalplay.atFotogalerieMarkus beim Spielen[foogallery id=&#8220;1380&#8243;]WerdegangWerdegangIch habe Fred Donaldson und das urspr\u00fcngliche Spiel im Jahr 2006 mit meiner Familie in Graz kennengelernt und war sehr ber\u00fchrt von seiner einfachen und ruhigen Art, f\u00fcr den&hellip; <a class=\"continue\" href=\"https:\/\/www.hiersein.at\/op\/markus-mueller\/\">Mehr lesen<span> Markus M\u00fcller<\/span><\/a><\/p>\n","protected":false},"author":1,"featured_media":882,"parent":0,"menu_order":12,"comment_status":"closed","ping_status":"closed","template":"page-templates\/page_front-page.php","meta":{"_price":"","_stock":"","_tribe_ticket_header":"","_tribe_default_ticket_provider":"","_tribe_ticket_capacity":"0","_ticket_start_date":"","_ticket_end_date":"","_tribe_ticket_show_description":"","_tribe_ticket_show_not_going":false,"_tribe_ticket_use_global_stock":"","_tribe_ticket_global_stock_level":"","_global_stock_mode":"","_global_stock_cap":"","_tribe_rsvp_for_event":"","_tribe_ticket_going_count":"","_tribe_ticket_not_going_count":"","_tribe_tickets_list":[],"_tribe_ticket_has_attendee_info_fields":false},"_links":{"self":[{"href":"https:\/\/www.hiersein.at\/op\/wp-json\/wp\/v2\/pages\/1230"}],"collection":[{"href":"https:\/\/www.hiersein.at\/op\/wp-json\/wp\/v2\/pages"}],"about":[{"href":"https:\/\/www.hiersein.at\/op\/wp-json\/wp\/v2\/types\/page"}],"author":[{"embeddable":true,"href":"https:\/\/www.hiersein.at\/op\/wp-json\/wp\/v2\/users\/1"}],"replies":[{"embeddable":true,"href":"https:\/\/www.hiersein.at\/op\/wp-json\/wp\/v2\/comments?post=1230"}],"version-history":[{"count":13,"href":"https:\/\/www.hiersein.at\/op\/wp-json\/wp\/v2\/pages\/1230\/revisions"}],"predecessor-version":[{"id":6184,"href":"https:\/\/www.hiersein.at\/op\/wp-json\/wp\/v2\/pages\/1230\/revisions\/6184"}],"wp:featuredmedia":[{"embeddable":true,"href":"https:\/\/www.hiersein.at\/op\/wp-json\/wp\/v2\/media\/882"}],"wp:attachment":[{"href":"https:\/\/www.hiersein.at\/op\/wp-json\/wp\/v2\/media?parent=1230"}],"curies":[{"name":"wp","href":"https:\/\/api.w.org\/{rel}","templated":true}]}}