{"id":1226,"date":"2016-04-01T12:31:54","date_gmt":"2016-04-01T10:31:54","guid":{"rendered":"https:\/\/www.hiersein.at\/op\/sonja-mille-copy\/"},"modified":"2023-01-29T19:18:12","modified_gmt":"2023-01-29T17:18:12","slug":"robin-riess","status":"publish","type":"page","link":"https:\/\/www.hiersein.at\/op\/robin-riess\/","title":{"rendered":"Robin Riess"},"content":{"rendered":"<div id=\"pl-1226\"  class=\"panel-layout\" ><div id=\"pg-1226-0\"  class=\"panel-grid panel-has-style\" ><div style=\"padding: 1em 0; \" data-overlay=\"true\" class=\"panel-row-style panel-row-style-for-1226-0\" ><div id=\"pgc-1226-0-0\"  class=\"panel-grid-cell panel-grid-cell-empty\" ><\/div><div id=\"pgc-1226-0-1\"  class=\"panel-grid-cell panel-grid-cell-mobile-last\" ><div id=\"panel-1226-0-1-0\" class=\"so-panel widget widget_cl-review widget-cl-review panel-first-child panel-last-child\" data-index=\"0\" ><div class=\"wow fadeInDownBig panel-widget-style panel-widget-style-for-1226-0-1-0\" style=\"text-align: left;\" data-wow-iteration=\"1\" data-title-color=\"#c62a2c\" data-headings-color=\"#443f3f\" ><h3 class=\"widget-title\">Robin Riess<\/h3><div class=\"cl-review type_quote layout_centered quote_italic with_avatar\"><div class=\"cl-review-quote\"><div class=\"cl-review-quote-text\" style=\"font-size:20px;\"><q>Original Play ist ber\u00fchrend, belebend und begl\u00fcckend.<\/q><\/div><div class=\"cl-review-author\" style=\"font-size:18px;\"><span class=\"cl-review-author-avatar\" style=\"background-image: url(https:\/\/www.hiersein.at\/op\/wp-content\/uploads\/2016\/03\/RobinRiess_P-1-150x150.jpg)\"><\/span><span class=\"cl-review-author-name\">Apprentice, Spielpraxis seit 2011<\/span><span class=\"cl-review-author-occupation\">Wien<\/span><\/div><\/div><\/div><\/div><\/div><\/div><div id=\"pgc-1226-0-2\"  class=\"panel-grid-cell panel-grid-cell-empty\" ><\/div><\/div><\/div><div id=\"pg-1226-1\"  class=\"panel-grid panel-has-style\" ><div style=\"padding: 2em 0; \" data-overlay=\"true\" class=\"panel-row-style panel-row-style-for-1226-1\" ><div id=\"pgc-1226-1-0\"  class=\"panel-grid-cell panel-grid-cell-empty\" ><\/div><div id=\"pgc-1226-1-1\"  class=\"panel-grid-cell panel-grid-cell-empty\" ><\/div><div id=\"pgc-1226-1-2\"  class=\"panel-grid-cell\" ><div id=\"panel-1226-1-2-0\" class=\"so-panel widget widget_cl-popup widget-cl-popup panel-first-child panel-last-child\" data-index=\"1\" ><div style=\"text-align: left;\" data-title-color=\"#443f3f\" data-headings-color=\"#443f3f\" class=\"panel-widget-style panel-widget-style-for-1226-1-2-0\" ><div class=\"cl-popup align_center\"><a href=\"javascript:void(0)\" class=\"cl-popup-trigger type_btn cl-btn\" style=\"color:#ffffff;background-color:#c62a2c;\"><span>Kontakt<\/span><\/a><div class=\"cl-popup-overlay\" style=\"background-color:rgba(0,0,0,0.75);\"><\/div><div class=\"cl-popup-wrap\"><div class=\"cl-popup-box size_s animation_slideTop\"><div class=\"cl-popup-box-h\"><div class=\"cl-popup-box-title\" style=\"color:#000000;background-color:#ffffff;\">Kontakt<\/div><div class=\"cl-popup-box-content\" style=\"color:#333333;background-color:#ffffff;\"><h5 style=\"text-align: center;\"><a href=\"mailto:robin@originalplay.at\">robin@originalplay.at<\/a><\/h5><\/div><div class=\"cl-popup-box-closer\" style=\"color:#000000;\"><\/div><\/div><\/div><div class=\"cl-popup-closer\"><\/div><\/div><\/div><\/div><\/div><\/div><div id=\"pgc-1226-1-3\"  class=\"panel-grid-cell\" ><div id=\"panel-1226-1-3-0\" class=\"so-panel widget widget_cl-popup widget-cl-popup panel-first-child panel-last-child\" data-index=\"2\" ><div class=\"cl-popup align_center\"><a href=\"javascript:void(0)\" class=\"cl-popup-trigger type_btn cl-btn\" style=\"color:#ffffff;background-color:#c62a2c;\"><span>Fotogalerie<\/span><\/a><div class=\"cl-popup-overlay\" style=\"background-color:rgba(0,0,0,0.75);\"><\/div><div class=\"cl-popup-wrap\"><div class=\"cl-popup-box size_xl animation_scaleUp\"><div class=\"cl-popup-box-h\"><div class=\"cl-popup-box-title\" style=\"color:#ffffff;background-color:rgba(0,0,0,0.75);\">Robin beim Spielen<\/div><div class=\"cl-popup-box-content\" style=\"color:#333333;background-color:rgba(0,0,0,0.75);\"><p>[foogallery id=\"1026\"]<\/p><\/div><div class=\"cl-popup-box-closer\" style=\"color:#ffffff;\"><\/div><\/div><\/div><div class=\"cl-popup-closer\"><\/div><\/div><\/div><\/div><\/div><div id=\"pgc-1226-1-4\"  class=\"panel-grid-cell\" ><div id=\"panel-1226-1-4-0\" class=\"so-panel widget widget_cl-popup widget-cl-popup panel-first-child panel-last-child\" data-index=\"3\" ><div style=\"text-align: left;\" data-title-color=\"#443f3f\" data-headings-color=\"#443f3f\" class=\"panel-widget-style panel-widget-style-for-1226-1-4-0\" ><div class=\"cl-popup align_center\"><a href=\"javascript:void(0)\" class=\"cl-popup-trigger type_btn cl-btn\" style=\"color:#ffffff;background-color:#c62a2c;\"><span>Werdegang<\/span><\/a><div class=\"cl-popup-overlay\" style=\"background-color:rgba(0,0,0,0.75);\"><\/div><div class=\"cl-popup-wrap\"><div class=\"cl-popup-box size_m animation_flipVer\"><div class=\"cl-popup-box-h\"><div class=\"cl-popup-box-title\" style=\"color:#c62a2c;background-color:#ffffff;\">Werdegang<\/div><div class=\"cl-popup-box-content\" style=\"color:#333333;background-color:#ffffff;\"><p class=\"p1\"><span class=\"s1\">Ich bin 1968 geboren und habe nach einer kurzen Zeit bei Film und Theater begonnen mit Kindern zu arbeiten - zun\u00e4chst im therapeutisch-p\u00e4dagogischen Bereich mit schwer mehrfach behinderten Kindern und Jugendlichen, nach meiner Ausbildung zum Sonderschullehrer und Ergotherapeuten seit 1995 mit Kindern im Pflichtschulalter in der Freiraum-Schule in Kritzendorf.<\/span><\/p>\n<p class=\"p1\"><span class=\"s1\">Mir sind \u00fcber die Jahre viele wunderbare Ans\u00e4tze und Menschen begegnet, von der Montessorip\u00e4dagogik bei Claus-Dieter Kaul, den Ideen der Nichtdirektivit\u00e4t von Rebeca und Mauricio Wild, der Provokativen Therapie mit Frank Farrelly bis zu Hubertus v. Schoenebeck und der erziehungsfreien Weltsicht der Amication.<\/span><\/p>\n<p class=\"p1\"><span class=\"s1\">Seit 2011 organisiere und \u00fcbersetze ich die Vortr\u00e4ge und Workshops von Fred Donaldson in Wien. Als Vorstandsmitglied im Verein 'Original Play \u00d6sterreich' versuche ich Original Play in \u00d6sterreich zu gr\u00f6\u00dferer Bekanntheit zu verhelfen.<\/span><\/p>\n<p class=\"p1\"><span class=\"s1\">In meiner Arbeit in einer Alternativschule hilft mir Original Play auch in Konfliktsituationen anders reagieren zu k\u00f6nnen. Dieses Spiel ist die Antwort auf alle Fragen im Umgang mit Kindern, bei Problemen und mit dem unbekannten\u2026<\/span><\/p>\n<p class=\"p1\"><span class=\"s1\">Wenn ich Original Play in Kinderg\u00e4rten und Schulen vorstelle oder Workshop-Teilnehmer*innen beim Starten in ihrer eigenen Institution unterst\u00fctze, sp\u00fcre ich wie die Kinder (fast alle) sofort instinktiv wieder wissen, wie Spielen geht und sich vertrauensvoll auf mich legen oder auf meinen R\u00fccken springen. Jedes Spiel ist anders, aber das Ergebnis immer gleich: Wir haben uns begl\u00fcckt!<\/span><\/p>\n<p class=\"p1\"><span class=\"s1\">Und seit ich Vater geworden bin, bin ich unendlich dankbar f\u00fcr das Wissen um diesen Schatz! Nicht nur genie\u00dfen wir das Spielen auf den Matten und liebevolle Ber\u00fchrungen zwischendurch - ich kann meinen S\u00f6hnen auch eine 'andere Geschichte' \u00fcber die Lebewesen auf dieser Welt erz\u00e4hlen: Wir brauchen keine Angst zu haben!<\/span><\/p><\/div><div class=\"cl-popup-box-closer\" style=\"color:#c62a2c;\"><\/div><\/div><\/div><div class=\"cl-popup-closer\"><\/div><\/div><\/div><\/div><\/div><\/div><div id=\"pgc-1226-1-5\"  class=\"panel-grid-cell panel-grid-cell-empty\" ><\/div><div id=\"pgc-1226-1-6\"  class=\"panel-grid-cell panel-grid-cell-empty panel-grid-cell-mobile-last\" ><\/div><div id=\"pgc-1226-1-7\"  class=\"panel-grid-cell panel-grid-cell-empty\" ><\/div><\/div><\/div><div id=\"pg-1226-2\"  class=\"panel-grid panel-has-style\" ><div style=\"padding: 2em 0; \" data-overlay=\"true\" class=\"panel-row-style panel-row-style-for-1226-2\" ><div id=\"pgc-1226-2-0\"  class=\"panel-grid-cell panel-grid-cell-empty\" ><\/div><\/div><\/div><\/div><input class=\"fooboxshare_post_id\" type=\"hidden\" value=\"1226\"\/>","protected":false},"excerpt":{"rendered":"<p>Robin RiessOriginal Play ist ber\u00fchrend, belebend und begl\u00fcckend.Apprentice, Spielpraxis seit 2011WienKontaktKontaktrobin@originalplay.atFotogalerieRobin beim Spielen[foogallery id=&#8220;1026&#8243;]WerdegangWerdegangIch bin 1968 geboren und habe nach einer kurzen Zeit bei Film und Theater begonnen mit Kindern zu arbeiten &#8211; zun\u00e4chst im therapeutisch-p\u00e4dagogischen Bereich mit schwer mehrfach behinderten Kindern und Jugendlichen, nach meiner Ausbildung zum Sonderschullehrer und Ergotherapeuten seit 1995 mit Kindern&hellip; <a class=\"continue\" href=\"https:\/\/www.hiersein.at\/op\/robin-riess\/\">Mehr lesen<span> Robin Riess<\/span><\/a><\/p>\n","protected":false},"author":1,"featured_media":882,"parent":0,"menu_order":14,"comment_status":"closed","ping_status":"closed","template":"page-templates\/page_front-page.php","meta":{"_price":"","_stock":"","_tribe_ticket_header":"","_tribe_default_ticket_provider":"","_tribe_ticket_capacity":"0","_ticket_start_date":"","_ticket_end_date":"","_tribe_ticket_show_description":"","_tribe_ticket_show_not_going":false,"_tribe_ticket_use_global_stock":"","_tribe_ticket_global_stock_level":"","_global_stock_mode":"","_global_stock_cap":"","_tribe_rsvp_for_event":"","_tribe_ticket_going_count":"","_tribe_ticket_not_going_count":"","_tribe_tickets_list":[],"_tribe_ticket_has_attendee_info_fields":false},"_links":{"self":[{"href":"https:\/\/www.hiersein.at\/op\/wp-json\/wp\/v2\/pages\/1226"}],"collection":[{"href":"https:\/\/www.hiersein.at\/op\/wp-json\/wp\/v2\/pages"}],"about":[{"href":"https:\/\/www.hiersein.at\/op\/wp-json\/wp\/v2\/types\/page"}],"author":[{"embeddable":true,"href":"https:\/\/www.hiersein.at\/op\/wp-json\/wp\/v2\/users\/1"}],"replies":[{"embeddable":true,"href":"https:\/\/www.hiersein.at\/op\/wp-json\/wp\/v2\/comments?post=1226"}],"version-history":[{"count":30,"href":"https:\/\/www.hiersein.at\/op\/wp-json\/wp\/v2\/pages\/1226\/revisions"}],"predecessor-version":[{"id":6410,"href":"https:\/\/www.hiersein.at\/op\/wp-json\/wp\/v2\/pages\/1226\/revisions\/6410"}],"wp:featuredmedia":[{"embeddable":true,"href":"https:\/\/www.hiersein.at\/op\/wp-json\/wp\/v2\/media\/882"}],"wp:attachment":[{"href":"https:\/\/www.hiersein.at\/op\/wp-json\/wp\/v2\/media?parent=1226"}],"curies":[{"name":"wp","href":"https:\/\/api.w.org\/{rel}","templated":true}]}}