{"id":1201,"date":"2016-03-24T15:14:16","date_gmt":"2016-03-24T13:14:16","guid":{"rendered":"https:\/\/www.hiersein.at\/op\/?page_id=1201"},"modified":"2019-10-29T19:09:27","modified_gmt":"2019-10-29T17:09:27","slug":"sonja-mille","status":"publish","type":"page","link":"https:\/\/www.hiersein.at\/op\/sonja-mille\/","title":{"rendered":"Sonja Mille"},"content":{"rendered":"<div id=\"pl-1201\"  class=\"panel-layout\" ><div id=\"pg-1201-0\"  class=\"panel-grid panel-has-style\" ><div style=\"padding: 1em 0; \" data-overlay=\"true\" class=\"panel-row-style panel-row-style-for-1201-0\" ><div id=\"pgc-1201-0-0\"  class=\"panel-grid-cell panel-grid-cell-empty\" ><\/div><div id=\"pgc-1201-0-1\"  class=\"panel-grid-cell panel-grid-cell-mobile-last\" ><div id=\"panel-1201-0-1-0\" class=\"so-panel widget widget_cl-review widget-cl-review panel-first-child panel-last-child\" data-index=\"0\" ><div class=\"wow fadeInDownBig panel-widget-style panel-widget-style-for-1201-0-1-0\" style=\"text-align: left;\" data-wow-iteration=\"1\" data-title-color=\"#c62a2c\" data-headings-color=\"#443f3f\" ><h3 class=\"widget-title\">Sonja Mille<\/h3><div class=\"cl-review type_quote layout_centered quote_italic with_avatar\"><div class=\"cl-review-quote\"><div class=\"cl-review-quote-text\" style=\"font-size:20px;\"><q>Original Play ist viel mehr, als mit Kindern in liebevollen Kontakt zu kommen - es ver\u00e4ndert mein Leben, meine Beziehungen, mein Verhalten im Alltag und in der Arbeit.<\/q><\/div><div class=\"cl-review-author\" style=\"font-size:18px;\"><span class=\"cl-review-author-avatar\" style=\"background-image: url(https:\/\/www.hiersein.at\/op\/wp-content\/uploads\/2016\/02\/Sonja-Mille-e1473994234881-150x150.jpg)\"><\/span><span class=\"cl-review-author-name\">Apprentice, Spielpraxis seit 2009<\/span><span class=\"cl-review-author-occupation\">N\u00d6, \u00d6O, Wien<\/span><\/div><\/div><\/div><\/div><\/div><\/div><div id=\"pgc-1201-0-2\"  class=\"panel-grid-cell panel-grid-cell-empty\" ><\/div><\/div><\/div><div id=\"pg-1201-1\"  class=\"panel-grid panel-has-style\" ><div style=\"padding: 2em 0; \" data-overlay=\"true\" class=\"panel-row-style panel-row-style-for-1201-1\" ><div id=\"pgc-1201-1-0\"  class=\"panel-grid-cell panel-grid-cell-empty\" ><\/div><div id=\"pgc-1201-1-1\"  class=\"panel-grid-cell panel-grid-cell-empty\" ><\/div><div id=\"pgc-1201-1-2\"  class=\"panel-grid-cell\" ><div id=\"panel-1201-1-2-0\" class=\"so-panel widget widget_cl-popup widget-cl-popup panel-first-child panel-last-child\" data-index=\"1\" ><div style=\"text-align: left;\" data-title-color=\"#443f3f\" data-headings-color=\"#443f3f\" class=\"panel-widget-style panel-widget-style-for-1201-1-2-0\" ><div class=\"cl-popup align_center\"><a href=\"javascript:void(0)\" class=\"cl-popup-trigger type_btn cl-btn\" style=\"color:#ffffff;background-color:#c62a2c;\"><span>Kontakt<\/span><\/a><div class=\"cl-popup-overlay\" style=\"background-color:rgba(0,0,0,0.75);\"><\/div><div class=\"cl-popup-wrap\"><div class=\"cl-popup-box size_s animation_slideTop\"><div class=\"cl-popup-box-h\"><div class=\"cl-popup-box-title\" style=\"color:#000000;background-color:#ffffff;\">Kontakt<\/div><div class=\"cl-popup-box-content\" style=\"color:#333333;background-color:#ffffff;\"><h5 style=\"text-align: center;\"><a href=\"mailto:sonja@originalplay.at\">sonja@originalplay.at<\/a><\/h5><\/div><div class=\"cl-popup-box-closer\" style=\"color:#000000;\"><\/div><\/div><\/div><div class=\"cl-popup-closer\"><\/div><\/div><\/div><\/div><\/div><\/div><div id=\"pgc-1201-1-3\"  class=\"panel-grid-cell\" ><div id=\"panel-1201-1-3-0\" class=\"so-panel widget widget_cl-popup widget-cl-popup panel-first-child panel-last-child\" data-index=\"2\" ><div class=\"cl-popup align_center\"><a href=\"javascript:void(0)\" class=\"cl-popup-trigger type_btn cl-btn\" style=\"color:#ffffff;background-color:#c62a2c;\"><span>Fotogalerie<\/span><\/a><div class=\"cl-popup-overlay\" style=\"background-color:rgba(0,0,0,0.75);\"><\/div><div class=\"cl-popup-wrap\"><div class=\"cl-popup-box size_xl animation_scaleUp\"><div class=\"cl-popup-box-h\"><div class=\"cl-popup-box-title\" style=\"color:#ffffff;background-color:rgba(0,0,0,0.75);\">Sonja beim Spielen<\/div><div class=\"cl-popup-box-content\" style=\"color:#333333;background-color:rgba(0,0,0,0.75);\"><p>[foogallery id=\"2098\"]<\/p><p>\u00a0<\/p><p>\u00a0<\/p><\/div><div class=\"cl-popup-box-closer\" style=\"color:#ffffff;\"><\/div><\/div><\/div><div class=\"cl-popup-closer\"><\/div><\/div><\/div><\/div><\/div><div id=\"pgc-1201-1-4\"  class=\"panel-grid-cell\" ><div id=\"panel-1201-1-4-0\" class=\"so-panel widget widget_cl-popup widget-cl-popup panel-first-child panel-last-child\" data-index=\"3\" ><div style=\"text-align: left;\" data-title-color=\"#443f3f\" data-headings-color=\"#443f3f\" class=\"panel-widget-style panel-widget-style-for-1201-1-4-0\" ><div class=\"cl-popup align_center\"><a href=\"javascript:void(0)\" class=\"cl-popup-trigger type_btn cl-btn\" style=\"color:#ffffff;background-color:#c62a2c;\"><span>Werdegang<\/span><\/a><div class=\"cl-popup-overlay\" style=\"background-color:rgba(0,0,0,0.75);\"><\/div><div class=\"cl-popup-wrap\"><div class=\"cl-popup-box size_m animation_flipVer\"><div class=\"cl-popup-box-h\"><div class=\"cl-popup-box-title\" style=\"color:#c62a2c;background-color:#ffffff;\">Werdegang<\/div><div class=\"cl-popup-box-content\" style=\"color:#333333;background-color:#ffffff;\"><p>Ich bin 1970 in Amstetten geboren, gl\u00fccklich verheiratet und Mutter eines erwachsenen Sohnes. Ich arbeite seit 1994 als Frauenberaterin in Amstetten. Mein Schwerpunkt dort ist die Arbeit mit gewaltbetroffenen Frauen und die Gewaltpr\u00e4vention mit M\u00e4dchen.<\/p><p>Mit meiner Lehrlingszeit in Original Play habe ich 2009 begonnen, ich besuchte meinen ersten Workshop bei Fred und war sofort begeistert von der Idee, selbst zu spielen. Meine erste Spielpraxis sammelte ich 2009\/2010 gemeinsam mit Rainer Deutner in der Mostviertler Montessorischule und -kindergruppe in Amstetten, ich kannte alle Kinder, weil mein Sohn dort fr\u00fcher Sch\u00fcler war und f\u00fchlte mich sicher. Nach eineinhalb Jahren w\u00f6chentlichem Spielen in dieser Schule, wagte ich mich nach und nach in andere Schulen und Einrichtungen. Ich habe meine Arbeitszeiten in der Frauenberatungsstelle gl\u00fccklicherweise so ver\u00e4ndern k\u00f6nnen, dass ich zuerst einmal w\u00f6chentlich und sp\u00e4ter dann zweimal w\u00f6chentlich f\u00fcr das Spielen Zeit hatte.<\/p><p>Zwischen 2010 und 2014 habe ich an drei Basic Training Seminare, zwei Advanced Training Seminare und drei A Clinic bei Jola und Fred in Warschau teilgenommen. Die Trainings in Warschau sind f\u00fcr mich nicht nur eine Gelegenheit von Jola und Fred zu lernen sondern ein Ort, wo ich mich mit Original Play Menschen aus aller Welt vernetzen und austauschen kann.<\/p><p>Seit 2010 (mit)organisiere ich gemeinsam mit Robin Rie\u00df und Rainer Deutner Vortr\u00e4ge, Workshops und Praxistage mit Fred Donaldson in Amstetten und Wien.<\/p><p>2011 plante ich eine 10-w\u00f6chige Reise nach Bulgarien, Rum\u00e4nien und die Republik Moldau, um dort in Kinderheimen der Organisation Concordia zu spielen (Reisebericht). Seit diesem Erlebnis setze ich es mir immer zum Ziel, dass ich, wenn ich andere L\u00e4nder bereise, dort auch Original Play spiele.<\/p><p>2013 hatte ich das Gl\u00fcck, Fred und Jola auf einer Original Play Reise nach S\u00fcdafrika begleiten zu d\u00fcrfen. Wir haben dort drei Workshops, einer davon ein Naturworkshop in einem Wildpark, Spielen mit Kindern in verschiedenen Einrichtungen und eine Walkingsafari miterlebt.<\/p><p>Seit 2013 nehme ich Menschen, die sich in Original Play weiterentwickeln und eigene Spielerfahrungen sammeln m\u00f6chten zum Mitspielen in verschiedene Einrichtungen, Schulen und Kinderg\u00e4rten mit.<\/p><p>\u00dcber die Jahre habe ich in ca. 1000 Spielstunden mit ca. 4000 verschiedenen Kindern, Jugendlichen und Menschen mit Behinderungen gespielt. Meine Spielorte waren Kinderg\u00e4rten, Volks-, Haupt- und Sonderschulen, Kinderheime und Einrichtungen f\u00fcr Menschen mit Behinderungen in \u00d6sterreich, Rum\u00e4nien, Bulgarien, der Republik Moldau, Deutschland, Tschechin, Polen, S\u00fcdafrika und Mexiko (Auflistung).<\/p><p>2014 hat eine kleine Gruppe von Menschen begonnen eine Organisationsform f\u00fcr Original Play in \u00d6sterreich zu finden und im Herbst wurde der Verein \"Original Play \u00d6sterreich - von Herzen spielen\" gegr\u00fcndet. Ich bin Vorstandsmitglied und werde mich weiterhin daf\u00fcr einsetzen, dass Original Play wachsen kann und viele neue Menschen unsere Idee mittragen und auch angesteckt werden von dieser wunderbaren Energie.<\/p><\/div><div class=\"cl-popup-box-closer\" style=\"color:#c62a2c;\"><\/div><\/div><\/div><div class=\"cl-popup-closer\"><\/div><\/div><\/div><\/div><\/div><\/div><div id=\"pgc-1201-1-5\"  class=\"panel-grid-cell\" ><div id=\"panel-1201-1-5-0\" class=\"so-panel widget widget_sow-button panel-first-child panel-last-child\" data-index=\"4\" ><div style=\"text-align: left;\" data-title-color=\"#443f3f\" data-headings-color=\"#443f3f\" class=\"panel-widget-style panel-widget-style-for-1201-1-5-0\" ><div\n\t\t\t\n\t\t\tclass=\"so-widget-sow-button so-widget-sow-button-flat-2bc7ee9a8c0e-1201\"\n\t\t\t\n\t\t><div class=\"ow-button-base ow-button-align-center\">\n\t<a href=\"https:\/\/www.hiersein.at\/op\/author\/sonja-mille\/\" class=\"ow-icon-placement-left\" \t\t>\n\t\t<span>\n\t\t\t\n\t\t\tBlogeintr\u00e4ge\t\t<\/span>\n\t<\/a>\n<\/div>\n<\/div><\/div><\/div><\/div><div id=\"pgc-1201-1-6\"  class=\"panel-grid-cell panel-grid-cell-empty panel-grid-cell-mobile-last\" ><\/div><div id=\"pgc-1201-1-7\"  class=\"panel-grid-cell panel-grid-cell-empty\" ><\/div><\/div><\/div><\/div><input class=\"fooboxshare_post_id\" type=\"hidden\" value=\"1201\"\/>","protected":false},"excerpt":{"rendered":"<p>Sonja MilleOriginal Play ist viel mehr, als mit Kindern in liebevollen Kontakt zu kommen &#8211; es ver\u00e4ndert mein Leben, meine Beziehungen, mein Verhalten im Alltag und in der Arbeit.Apprentice, Spielpraxis seit 2009N\u00d6, \u00d6O, WienKontaktKontaktsonja@originalplay.atFotogalerieSonja beim Spielen[foogallery id=&#8220;2098&#8243;]\u00a0\u00a0WerdegangWerdegangIch bin 1970 in Amstetten geboren, gl\u00fccklich verheiratet und Mutter eines erwachsenen Sohnes. Ich arbeite seit 1994 als Frauenberaterin&hellip; <a class=\"continue\" href=\"https:\/\/www.hiersein.at\/op\/sonja-mille\/\">Mehr lesen<span> Sonja Mille<\/span><\/a><\/p>\n","protected":false},"author":1,"featured_media":882,"parent":0,"menu_order":11,"comment_status":"closed","ping_status":"closed","template":"page-templates\/page_front-page.php","meta":{"_price":"","_stock":"","_tribe_ticket_header":"","_tribe_default_ticket_provider":"","_tribe_ticket_capacity":"0","_ticket_start_date":"","_ticket_end_date":"","_tribe_ticket_show_description":"","_tribe_ticket_show_not_going":false,"_tribe_ticket_use_global_stock":"","_tribe_ticket_global_stock_level":"","_global_stock_mode":"","_global_stock_cap":"","_tribe_rsvp_for_event":"","_tribe_ticket_going_count":"","_tribe_ticket_not_going_count":"","_tribe_tickets_list":[],"_tribe_ticket_has_attendee_info_fields":false},"_links":{"self":[{"href":"https:\/\/www.hiersein.at\/op\/wp-json\/wp\/v2\/pages\/1201"}],"collection":[{"href":"https:\/\/www.hiersein.at\/op\/wp-json\/wp\/v2\/pages"}],"about":[{"href":"https:\/\/www.hiersein.at\/op\/wp-json\/wp\/v2\/types\/page"}],"author":[{"embeddable":true,"href":"https:\/\/www.hiersein.at\/op\/wp-json\/wp\/v2\/users\/1"}],"replies":[{"embeddable":true,"href":"https:\/\/www.hiersein.at\/op\/wp-json\/wp\/v2\/comments?post=1201"}],"version-history":[{"count":93,"href":"https:\/\/www.hiersein.at\/op\/wp-json\/wp\/v2\/pages\/1201\/revisions"}],"predecessor-version":[{"id":6183,"href":"https:\/\/www.hiersein.at\/op\/wp-json\/wp\/v2\/pages\/1201\/revisions\/6183"}],"wp:featuredmedia":[{"embeddable":true,"href":"https:\/\/www.hiersein.at\/op\/wp-json\/wp\/v2\/media\/882"}],"wp:attachment":[{"href":"https:\/\/www.hiersein.at\/op\/wp-json\/wp\/v2\/media?parent=1201"}],"curies":[{"name":"wp","href":"https:\/\/api.w.org\/{rel}","templated":true}]}}